{"id":543,"date":"2020-03-07T00:58:51","date_gmt":"2020-03-06T23:58:51","guid":{"rendered":"http:\/\/49.12.1.33\/hotel-yllen\/"},"modified":"2022-03-25T15:23:44","modified_gmt":"2022-03-25T14:23:44","slug":"hotel-yllen","status":"publish","type":"page","link":"https:\/\/www.occident-orient-connection.com\/fr\/nos-partenaires\/hotel-yllen\/","title":{"rendered":"Hotel Yllen"},"content":{"rendered":"\n<h1>\n\t\tHotel Yllen\n\t<\/h1>\n\t<p>PARIS &#8211; FRANCE<\/p>\n\t<p>L&rsquo;h\u00f4tel est situ\u00e9 entre le Montparnasse des affaires, la Tour Eiffel et le parc des expositions de la Porte de Versailles, mais aussi en proximit\u00e9 des Invalides et du c\u00e9l\u00e8bre Institut Pasteur. Sous son architecture n\u00e9oclassique, l&rsquo;h\u00f4tel Yllen marie charme, chaleur et confort moderne: 38 chambres climatis\u00e9es dont une suite junior, une chambre quadruple avec salle de bains et salle de douche, toutes \u00e9quip\u00e9es d&rsquo;internet filaire gratuit, t\u00e9l\u00e9vision, coffre individuel. L&rsquo;int\u00e9rieur de l&rsquo;h\u00f4tel a \u00e9t\u00e9 r\u00e9cemment totalement r\u00e9nov\u00e9 avec une mise \u00e0 jour des techniques actuelles. La d\u00e9coration est particuli\u00e8rement soign\u00e9e avec 3 th\u00e9matiques diff\u00e9rentes et des lits choisis pour leur confort.<\/p>\n<p>Dans ce magnifique petit \u00e9tablissement qui m\u00e9rite 4 \u00e9toiles, les services ci-apr\u00e8s sont \u00e0 la disposition du client: 24h r\u00e9ception, I-Pad sur demande, service en \u00e9tage et en soir\u00e9e.<\/p>\n<p>Situation: L&rsquo;h\u00f4tel Yllen Eiffel se trouve juste en face de la station de m\u00e9tro Volontaires avec la ligne 12 direct vers la place de la Concorde. Un parking public se trouve \u00e0 200m d&rsquo;h\u00f4tel.<\/p>\n\t\t<ul>\n\t\t\t\t\t<li>\n\t\t\t\t<p>38 chambres et suites<\/p>\n\t\t\t<\/li>\n\t\t\t\t\t<li>\n\t\t\t\t<p>Restaurant petit d\u00e9jeuner buffet <\/p>\n\t\t\t<\/li>\n\t\t\t\t\t<li>\n\t\t\t\t<p>Salon Bar<\/p>\n\t\t\t<\/li>\n\t\t\t\t\t<li>\n\t\t\t\t<p>Chiens bienvenus <\/p>\n\t\t\t<\/li>\n\t\t\t\t<\/ul>\n  <br \/><br \/><br \/>\n  <style>\n  .error {\n    color: red;\n  }\n  <\/style>\n                <form action=\"https:\/\/www.occident-orient-connection.com\/fr\/nos-partenaires\/hotel-yllen\/\" id=\"contactForm\" method=\"post\">\n                                       <input type=\"textfield\" name=\"contactName\"\n                      placeholder=\"Pr\u00e9nom et nom\"\n                      value=\"\" \/>\n                <!-- date -->\n              <!-- col -->\n                                       <input type=\"textfield\" name=\"email\"\n                      placeholder=\"E-mail\"\n                      value=\"\" \/>\n                <!-- date -->\n              <!-- col -->\n                                       <input type=\"textfield\" name=\"contactPhone\" placeholder=\"T\u00e9l\u00e9phone\"\n                      value=\"\" \/>\n                <!-- date -->\n              <!-- col -->\n                    <input data-beatpicker-id=\"beatpicker-0\"\n                        readonly=\"readonly\" placeholder=\"Check in\"\n                        data-beatpicker=\"true\" data-beatpicker-format=\"['MM','DD','YYYY'],separator:'\/'\" type=\"text\"\n                        name=\"contactCheckin\"\n                        value=\"\" \/><button\n                        type=\"button\">Clear<\/button>\n                    <button type=\"button\">Clear<\/button>\n                                  <!-- date -->\n              <!-- col -->\n                    <input data-beatpicker-id=\"beatpicker-1\"\n                        readonly=\"readonly\"\n                        placeholder=\"Check out\" data-beatpicker=\"true\"\n                        data-beatpicker-format=\"['MM','DD','YYYY'],separator:'\/'\" type=\"text\"\n                        name=\"contactCheckout\"\/><button\n                        type=\"button\">Clear<\/button><button type=\"button\">Clear<\/button>\n                <!-- date -->\n              <!-- col -->\n            <!-- row -->\n                <select name=\"contactAdults\">\n                  <option value=\"0\">Adultes<\/option>\n                  <option value=\"1\">1<\/option>\n                  <option value=\"2\">2<\/option>\n                  <option value=\"3\">3<\/option>\n                  <option value=\"4\">4<\/option>\n                  <option value=\"5\">5<\/option>\n                <\/select>\n              <!-- col -->\n                <select name=\"contactChildren\">\n                  <option value=\"0\">Enfants<\/option>\n                  <option value=\"1\">1<\/option>\n                  <option value=\"2\">2<\/option>\n                  <option value=\"3\">3<\/option>\n                  <option value=\"4\">4<\/option>\n                  <option value=\"5\">5<\/option>\n                <\/select>\n              <!-- col -->\n            <!-- row -->\n            <input type=\"hidden\" name=\"hotel\" value=\"Hotel Yllen\"\/>\n            <input type=\"submit\"\n                value=\"Envoyer e-mail\"\/>\n            \n            <input type=\"hidden\" name=\"submitted\" id=\"submitted\" value=\"true\" \/>\n          <\/form>\n  \n","protected":false},"excerpt":{"rendered":"<p>Hotel Yllen PARIS &#8211; FRANCE L&rsquo;h\u00f4tel est situ\u00e9 entre le Montparnasse des affaires, la Tour Eiffel et le parc des expositions de la Porte de Versailles, mais aussi en proximit\u00e9 des Invalides et du c\u00e9l\u00e8bre Institut Pasteur. Sous son architecture n\u00e9oclassique, l&rsquo;h\u00f4tel Yllen marie charme, chaleur et confort moderne: 38 chambres climatis\u00e9es dont une suite <a href=\"https:\/\/www.occident-orient-connection.com\/fr\/nos-partenaires\/hotel-yllen\/\" class=\"more-link\">&#8230;<\/a><\/p>\n","protected":false},"author":2,"featured_media":0,"parent":1142,"menu_order":40,"comment_status":"closed","ping_status":"closed","template":"","meta":[],"_links":{"self":[{"href":"https:\/\/www.occident-orient-connection.com\/fr\/wp-json\/wp\/v2\/pages\/543"}],"collection":[{"href":"https:\/\/www.occident-orient-connection.com\/fr\/wp-json\/wp\/v2\/pages"}],"about":[{"href":"https:\/\/www.occident-orient-connection.com\/fr\/wp-json\/wp\/v2\/types\/page"}],"author":[{"embeddable":true,"href":"https:\/\/www.occident-orient-connection.com\/fr\/wp-json\/wp\/v2\/users\/2"}],"replies":[{"embeddable":true,"href":"https:\/\/www.occident-orient-connection.com\/fr\/wp-json\/wp\/v2\/comments?post=543"}],"version-history":[{"count":2,"href":"https:\/\/www.occident-orient-connection.com\/fr\/wp-json\/wp\/v2\/pages\/543\/revisions"}],"predecessor-version":[{"id":1963,"href":"https:\/\/www.occident-orient-connection.com\/fr\/wp-json\/wp\/v2\/pages\/543\/revisions\/1963"}],"up":[{"embeddable":true,"href":"https:\/\/www.occident-orient-connection.com\/fr\/wp-json\/wp\/v2\/pages\/1142"}],"wp:attachment":[{"href":"https:\/\/www.occident-orient-connection.com\/fr\/wp-json\/wp\/v2\/media?parent=543"}],"curies":[{"name":"wp","href":"https:\/\/api.w.org\/{rel}","templated":true}]}}