{"id":1142,"date":"2020-03-07T05:36:42","date_gmt":"2020-03-07T04:36:42","guid":{"rendered":"http:\/\/49.12.1.33\/nos-partenaires\/"},"modified":"2020-04-22T22:10:38","modified_gmt":"2020-04-22T20:10:38","slug":"nos-partenaires","status":"publish","type":"page","link":"https:\/\/www.occident-orient-connection.com\/fr\/nos-partenaires\/","title":{"rendered":"Nos partenaires"},"content":{"rendered":"<h1>\n\t\tNos partenaires\n\t<\/h1>\n\t<p>Les h\u00f4tels pr\u00e9sent\u00e9s sur notre site vous donnent un aper\u00e7u de notre s\u00e9lection personnelle. Nous vous recommandons ces h\u00f4tels, tous en propri\u00e9t\u00e9 priv\u00e9e dans des villes et des lieux que nous fr\u00e9quentons et appr\u00e9cions beaucoup lors de nos nombreux d\u00e9placements: un service authentique, une \u00e9l\u00e9gance et un luxe d\u00e9licats dans des lieux r\u00eaveurs qui inspirent vos sens.<\/p>\n\t\t\t\t\t\t\t\t\t\t<img src=\"https:\/\/www.occident-orient-connection.com\/wp-content\/uploads\/Esplanade-Zagreb-Hotel.jpg\" alt=\"\">\n\t\t\t\t\t\t\t\t\t<!-- image-box-thumbnail -->\n\t\t\t\t\t\t\t\t\t<h6>CROATIE &#8211; ZAGREB<\/h6>\n\t\t\t\t\t\t\t\t\t<h4>Esplanade Zagreb Hotel<\/h4>\n\t\t\t\t\t\t\t\t\t<a href=\"\/fr\/nos-partenaires\/esplanade-zagreb-hotel\/\">en savoir plus<\/a>\n                <!-- image-box -->\t\t\t\t\t\t\t\t\n\t\t\t\t\t\t\t\t\t\t<img src=\"https:\/\/www.occident-orient-connection.com\/wp-content\/uploads\/Frankfurter-Hof.jpg\" alt=\"\">\n\t\t\t\t\t\t\t\t\t<!-- image-box-thumbnail -->\n\t\t\t\t\t\t\t\t\t<h6>ALLEMAGNE &#8211; FRANKFURT<\/h6>\n\t\t\t\t\t\t\t\t\t<h4>Frankfurter Hof<\/h4>\n\t\t\t\t\t\t\t\t\t<a href=\"\/fr\/nos-partenaires\/frankfurter-hof\/\">en savoir plus<\/a>\n                <!-- image-box -->\t\t\t\t\t\t\t\t\n\t\t\t\t\t\t\t\t\t\t<img src=\"https:\/\/www.occident-orient-connection.com\/wp-content\/uploads\/Four-Seasons-Hotel.jpg\" alt=\"\">\n\t\t\t\t\t\t\t\t\t<!-- image-box-thumbnail -->\n\t\t\t\t\t\t\t\t\t<h6>CHYPRE &#8211; LIMASSOL<\/h6>\n\t\t\t\t\t\t\t\t\t<h4>Four Seasons Hotel<\/h4>\n\t\t\t\t\t\t\t\t\t<a href=\"\/fr\/nos-partenaires\/four-seasons-hotel\/\">en savoir plus<\/a>\n                <!-- image-box -->\t\t\t\t\t\t\t\t\n\t\t\t\t\t\t\t\t\t\t<img src=\"https:\/\/www.occident-orient-connection.com\/wp-content\/uploads\/Hotel-Stadt-Hamburg.jpg\" alt=\"\">\n\t\t\t\t\t\t\t\t\t<!-- image-box-thumbnail -->\n\t\t\t\t\t\t\t\t\t<h6>ALLEMAGNE &#8211; SYLT<\/h6>\n\t\t\t\t\t\t\t\t\t<h4>Hotel Stadt Hamburg<\/h4>\n\t\t\t\t\t\t\t\t\t<a href=\"\/fr\/nos-partenaires\/hotel-stadt-hamburg\/\">en savoir plus<\/a>\n                <!-- image-box -->\t\t\t\t\t\t\t\t\n\t\t\t\t\t\t\t\t\t\t<img src=\"https:\/\/www.occident-orient-connection.com\/wp-content\/uploads\/S\u00fcllberg-Karlheinz-Hauser.jpg\" alt=\"\">\n\t\t\t\t\t\t\t\t\t<!-- image-box-thumbnail -->\n\t\t\t\t\t\t\t\t\t<h6>ALLEMAGNE &#8211; HAMBURG<\/h6>\n\t\t\t\t\t\t\t\t\t<h4>S\u00fcllberg Karlheinz Hauser<\/h4>\n\t\t\t\t\t\t\t\t\t<a href=\"\/fr\/nos-partenaires\/suellberg-karlheinz-hauser\/\">en savoir plus<\/a>\n                <!-- image-box -->\t\t\t\t\t\t\t\t\n\t\t\t\t\t\t\t\t\t\t<img src=\"https:\/\/www.occident-orient-connection.com\/wp-content\/uploads\/Legado-M\u00edtico.jpg\" alt=\"\">\n\t\t\t\t\t\t\t\t\t<!-- image-box-thumbnail -->\n\t\t\t\t\t\t\t\t\t<h6>BUENOS AIRES<\/h6>\n\t\t\t\t\t\t\t\t\t<h4>Legado M\u00edtico<\/h4>\n\t\t\t\t\t\t\t\t\t<a href=\"\/fr\/nos-partenaires\/legado-mitico-buenos-aires\/\">en savoir plus<\/a>\n                <!-- image-box -->\t\t\t\t\t\t\t\t\n\t\t\t\t\t\t\t\t\t\t<img src=\"https:\/\/www.occident-orient-connection.com\/wp-content\/uploads\/Legado-M\u00edtico.jpg\" alt=\"\">\n\t\t\t\t\t\t\t\t\t<!-- image-box-thumbnail -->\n\t\t\t\t\t\t\t\t\t<h6>ARGENTINE &#8211; SALTA<\/h6>\n\t\t\t\t\t\t\t\t\t<h4>Legado M\u00edtico Salta<\/h4>\n\t\t\t\t\t\t\t\t\t<a href=\"\/fr\/nos-partenaires\/legado-mitico-salta\/\">en savoir plus<\/a>\n                <!-- image-box -->\t\t\t\t\t\t\t\t\n\t\t\t\t\t\t\t\t\t\t<img src=\"https:\/\/www.occident-orient-connection.com\/wp-content\/uploads\/Legado-M\u00edtico-Salta.jpg\" alt=\"\">\n\t\t\t\t\t\t\t\t\t<!-- image-box-thumbnail -->\n\t\t\t\t\t\t\t\t\t<h6>FRANCE &#8211; PARIS<\/h6>\n\t\t\t\t\t\t\t\t\t<h4>Hotel Cambon<\/h4>\n\t\t\t\t\t\t\t\t\t<a href=\"\/fr\/nos-partenaires\/hotel-cambon\/\">en savoir plus<\/a>\n                <!-- image-box -->\t\t\t\t\t\t\t\t\n\t\t\t\t\t\t\t\t\t\t<img src=\"https:\/\/www.occident-orient-connection.com\/wp-content\/uploads\/Hotel-Yllen.png\" alt=\"\">\n\t\t\t\t\t\t\t\t\t<!-- image-box-thumbnail -->\n\t\t\t\t\t\t\t\t\t<h6>FRANCE &#8211; PARIS<\/h6>\n\t\t\t\t\t\t\t\t\t<h4>Hotel Yllen<\/h4>\n\t\t\t\t\t\t\t\t\t<a href=\"\/fr\/nos-partenaires\/hotel-yllen\/\">en savoir plus<\/a>\n                <!-- image-box -->\t\t\t\t\t\t\t\t\n\t\t\t\t\t\t\t\t\t\t<img src=\"https:\/\/www.occident-orient-connection.com\/wp-content\/uploads\/Hotel-Skeppsholmen.png\" alt=\"\">\n\t\t\t\t\t\t\t\t\t<!-- image-box-thumbnail -->\n\t\t\t\t\t\t\t\t\t<h6>SU\u00c8DE &#8211; STOCKHOLM<\/h6>\n\t\t\t\t\t\t\t\t\t<h4>Hotel Skeppsholmen<\/h4>\n\t\t\t\t\t\t\t\t\t<a href=\"\/fr\/nos-partenaires\/hotel-skeppsholmen\/\">en savoir plus<\/a>\n                <!-- image-box -->\t\t\t\t\t\t\t\t\n\t\t\t\t\t\t\t\t\t\t<img src=\"https:\/\/www.occident-orient-connection.com\/wp-content\/uploads\/Hellenic-Zeus.jpg\" alt=\"\">\n\t\t\t\t\t\t\t\t\t<!-- image-box-thumbnail -->\n\t\t\t\t\t\t\t\t\t<h6>CR\u00c8TE &#8211; HERAKLION<\/h6>\n\t\t\t\t\t\t\t\t\t<h4>Hellenic Zeus<\/h4>\n\t\t\t\t\t\t\t\t\t<a href=\"\/fr\/nos-partenaires\/hellenic-zeus\/\">en savoir plus<\/a>\n                <!-- image-box -->\t\t\t\t\t\t\t\t\n\t\t\t\t\t\t\t\t\t\t<img src=\"https:\/\/www.occident-orient-connection.com\/wp-content\/uploads\/Salamis-Tours.jpg\" alt=\"\">\n\t\t\t\t\t\t\t\t\t<!-- image-box-thumbnail -->\n\t\t\t\t\t\t\t\t\t<h6>CHYPRE &#8211; LIMASSOL<\/h6>\n\t\t\t\t\t\t\t\t\t<h4>Salamis Tours<\/h4>\n\t\t\t\t\t\t\t\t\t<a href=\"\/fr\/nos-partenaires\/salamis-tours\/\">en savoir plus<\/a>\n                <!-- image-box -->","protected":false},"excerpt":{"rendered":"<p>Nos partenaires Les h\u00f4tels pr\u00e9sent\u00e9s sur notre site vous donnent un aper\u00e7u de notre s\u00e9lection personnelle. Nous vous recommandons ces h\u00f4tels, tous en propri\u00e9t\u00e9 priv\u00e9e dans des villes et des lieux que nous fr\u00e9quentons et appr\u00e9cions beaucoup lors de nos nombreux d\u00e9placements: un service authentique, une \u00e9l\u00e9gance et un luxe d\u00e9licats dans des lieux r\u00eaveurs <a href=\"https:\/\/www.occident-orient-connection.com\/fr\/nos-partenaires\/\" class=\"more-link\">&#8230;<\/a><\/p>\n","protected":false},"author":2,"featured_media":0,"parent":0,"menu_order":5,"comment_status":"closed","ping_status":"closed","template":"","meta":[],"_links":{"self":[{"href":"https:\/\/www.occident-orient-connection.com\/fr\/wp-json\/wp\/v2\/pages\/1142"}],"collection":[{"href":"https:\/\/www.occident-orient-connection.com\/fr\/wp-json\/wp\/v2\/pages"}],"about":[{"href":"https:\/\/www.occident-orient-connection.com\/fr\/wp-json\/wp\/v2\/types\/page"}],"author":[{"embeddable":true,"href":"https:\/\/www.occident-orient-connection.com\/fr\/wp-json\/wp\/v2\/users\/2"}],"replies":[{"embeddable":true,"href":"https:\/\/www.occident-orient-connection.com\/fr\/wp-json\/wp\/v2\/comments?post=1142"}],"version-history":[{"count":4,"href":"https:\/\/www.occident-orient-connection.com\/fr\/wp-json\/wp\/v2\/pages\/1142\/revisions"}],"predecessor-version":[{"id":1873,"href":"https:\/\/www.occident-orient-connection.com\/fr\/wp-json\/wp\/v2\/pages\/1142\/revisions\/1873"}],"wp:attachment":[{"href":"https:\/\/www.occident-orient-connection.com\/fr\/wp-json\/wp\/v2\/media?parent=1142"}],"curies":[{"name":"wp","href":"https:\/\/api.w.org\/{rel}","templated":true}]}}