{"id":96,"date":"2020-02-28T22:06:26","date_gmt":"2020-02-28T21:06:26","guid":{"rendered":"http:\/\/49.12.1.33\/bienvenidos\/"},"modified":"2020-04-22T21:35:26","modified_gmt":"2020-04-22T19:35:26","slug":"bienvenidos","status":"publish","type":"page","link":"https:\/\/www.occident-orient-connection.com\/es\/","title":{"rendered":"Bienvenidos"},"content":{"rendered":"<h2>\n\t\tBienvenidos a Occident Orient Connection\n\t<\/h2>\n\t<p>Somos una empresa que dise\u00f1a viajes de lujo cuando se trata de crear el viaje para usted, nuestro cliente m\u00e1s exigente. Consideramos que somos absolutamente capaces de hacer realidad su viaje so\u00f1ado dado que tanto yo como mi equipo, le ofrecemos experiencia, know-how, y lo que es m\u00e1s importante, pasi\u00f3n para organizar el viaje de su elecci\u00f3n. Los ingredientes que le proponemos para sus vacaciones en cualquier lugar del mundo son \u00fanicos por excelencia. Estamos muy ansiosos por recibir su solicitud. Gracias por el inter\u00e9s y la confianza que ha depositado en nosotros al elegir nuestra empresa.<\/p>\n\t<p>Occident Orient Connection es una l\u00ednea comercial de HTC Hotel &amp; Tourismus Consulting GmbH que, creada en 1996, tuvo sus or\u00edgenes con la comercializaci\u00f3n de Chipre, ubicada entre el mundo oriental y el mundo occidental. Fue as\u00ed como surgi\u00f3 el nombre Occident Orient Connection.<\/p>\n<img loading=\"lazy\" src=\"https:\/\/www.occident-orient-connection.com\/wp-content\/uploads\/I9ATl1DVHm_cordulajuniussignature_.png\" alt=\"\" width=\"165\" height=\"65\" \/><br \/>\nFundador\n\t\t\t\t<a href=\"http:\/\/www.travellermade.com\/\" target=\"_blank\" rel=\"noopener noreferrer\" itemprop=\"url\">\n\t\t\t\t<img loading=\"lazy\" src=\"https:\/\/www.occident-orient-connection.com\/wp-content\/uploads\/9UAHGxMQut_travellermate_logo_gray_-1.png\" alt=\"9UAHGxMQut_travellermate_logo_gray_\" itemprop=\"image\" height=\"65\" width=\"165\" title=\"9UAHGxMQut_travellermate_logo_gray_\" onerror=\"this.style.display='none'\"  \/>\n\t\t\t\t<\/a>\n\t\n          \n            <img src=\"\/wp-content\/themes\/ooc_theme\/images\/helper.png\" with=\"980\" height=\"700\" alt=\"\">\n        <!-- col -->\n            <h1>Insp\u00edrese &#8230;<\/h1>\n            <p>Atendemos a cada uno de nuestros clientes en forma personalizada, poniendo especial cuidadi en su asesoramiento y en la concreci\u00f3n de su proyecto, destac\u00e1ndonos en la sofisticaci\u00f3n en la elecci\u00f3n de destinos, medios de transporte, selecci\u00f3n de los mejores alojamientos y el programa adecuado.<\/p>\n                        <a\n              href=\"\/es\/nuestro-portfolio\/\">Nuestro Portfolio<\/a>\n                      <!-- gallery-description -->\n        <!-- col -->\n      <!-- row -->\n    <!-- item -->\n          \n            <img src=\"\/wp-content\/themes\/ooc_theme\/images\/helper.png\" with=\"980\" height=\"700\" alt=\"\">\n        <!-- col -->\n            <h1><\/h1>\n            <p><\/p>\n                      <!-- gallery-description -->\n        <!-- col -->\n      <!-- row -->\n    <!-- item -->\n  <!-- gallery-sliders -->\n<!-- gallery-slider-container -->","protected":false},"excerpt":{"rendered":"<p>Bienvenidos a Occident Orient Connection Somos una empresa que dise\u00f1a viajes de lujo cuando se trata de crear el viaje para usted, nuestro cliente m\u00e1s exigente. Consideramos que somos absolutamente capaces de hacer realidad su viaje so\u00f1ado dado que tanto yo como mi equipo, le ofrecemos experiencia, know-how, y lo que es m\u00e1s importante, pasi\u00f3n <a href=\"https:\/\/www.occident-orient-connection.com\/es\/\" class=\"more-link\">&#8230;<\/a><\/p>\n","protected":false},"author":2,"featured_media":0,"parent":0,"menu_order":0,"comment_status":"closed","ping_status":"closed","template":"","meta":[],"_links":{"self":[{"href":"https:\/\/www.occident-orient-connection.com\/es\/wp-json\/wp\/v2\/pages\/96"}],"collection":[{"href":"https:\/\/www.occident-orient-connection.com\/es\/wp-json\/wp\/v2\/pages"}],"about":[{"href":"https:\/\/www.occident-orient-connection.com\/es\/wp-json\/wp\/v2\/types\/page"}],"author":[{"embeddable":true,"href":"https:\/\/www.occident-orient-connection.com\/es\/wp-json\/wp\/v2\/users\/2"}],"replies":[{"embeddable":true,"href":"https:\/\/www.occident-orient-connection.com\/es\/wp-json\/wp\/v2\/comments?post=96"}],"version-history":[{"count":7,"href":"https:\/\/www.occident-orient-connection.com\/es\/wp-json\/wp\/v2\/pages\/96\/revisions"}],"predecessor-version":[{"id":1866,"href":"https:\/\/www.occident-orient-connection.com\/es\/wp-json\/wp\/v2\/pages\/96\/revisions\/1866"}],"wp:attachment":[{"href":"https:\/\/www.occident-orient-connection.com\/es\/wp-json\/wp\/v2\/media?parent=96"}],"curies":[{"name":"wp","href":"https:\/\/api.w.org\/{rel}","templated":true}]}}