{"id":555,"date":"2020-03-07T01:21:45","date_gmt":"2020-03-07T00:21:45","guid":{"rendered":"http:\/\/49.12.1.33\/hotel-yllen\/"},"modified":"2022-03-25T15:24:02","modified_gmt":"2022-03-25T14:24:02","slug":"hotel-yllen","status":"publish","type":"page","link":"https:\/\/www.occident-orient-connection.com\/es\/nuestro-portfolio\/hotel-yllen\/","title":{"rendered":"Hotel Yllen"},"content":{"rendered":"\n<h1>\n\t\tHotel Yllen\n\t<\/h1>\n\t<p>Par\u00eds &#8211; Francia<\/p>\n\t<p>El hotel se encuentra emplazado entre Montparnasse, la Torre Eiffel y el parque de exposiciones internacionales de Porte de Versailles, pero tambi\u00e9n con f\u00e1cil acceso a Les Invalides y al renombrado Instituto Pasteur. Con su arquitectura neocl\u00e1sica, el Hotel Yllen combina encanto y comodidad moderna en 38 habitaciones, que incluyen una m\u00e1ster suite. El hotel fue restaurado recientemente en su totalidad con ornamentos modernos que reflejan tres estilos de decoraci\u00f3n de moda.<\/p>\n<p>La estaci\u00f3n de subterr\u00e1neo Volontaires (de la l\u00ednea 12) se encuentra frente al hotel, con conexi\u00f3n directa a la Place de la Concorde. A 200 metros, se ubica un estacionamiento p\u00fablico. El Yllen presta los siguientes servicios: recepci\u00f3n disponible las 24 horas, servicio de porter\u00eda, Internet gratuita con alquiler de iPads a solicitud del hu\u00e9sped, servicio de valet, servicio a la habitaci\u00f3n por las noches, de lunes a viernes.<\/p>\n\t\t<ul>\n\t\t\t\t\t<li>\n\t\t\t\t<p>38 Habitaciones \/ Suites <\/p>\n\t\t\t<\/li>\n\t\t\t\t\t<li>\n\t\t\t\t<p>Desayuno buffet<\/p>\n\t\t\t<\/li>\n\t\t\t\t\t<li>\n\t\t\t\t<p>Bar \/ Lounge<\/p>\n\t\t\t<\/li>\n\t\t\t\t\t<li>\n\t\t\t\t<p>Se admiten perros<\/p>\n\t\t\t<\/li>\n\t\t\t\t<\/ul>\n  <br \/><br \/><br \/>\n  <style>\n  .error {\n    color: red;\n  }\n  <\/style>\n                <form action=\"https:\/\/www.occident-orient-connection.com\/es\/nuestro-portfolio\/hotel-yllen\/\" id=\"contactForm\" method=\"post\">\n                                       <input type=\"textfield\" name=\"contactName\"\n                      placeholder=\"Nombre y apellido\"\n                      value=\"\" \/>\n                <!-- date -->\n              <!-- col -->\n                                       <input type=\"textfield\" name=\"email\"\n                      placeholder=\"Correo electr\u00f3nico\"\n                      value=\"\" \/>\n                <!-- date -->\n              <!-- col -->\n                                       <input type=\"textfield\" name=\"contactPhone\" placeholder=\"Tel\u00e9fono\"\n                      value=\"\" \/>\n                <!-- date -->\n              <!-- col -->\n                    <input data-beatpicker-id=\"beatpicker-0\"\n                        readonly=\"readonly\" placeholder=\"Check in\"\n                        data-beatpicker=\"true\" data-beatpicker-format=\"['MM','DD','YYYY'],separator:'\/'\" type=\"text\"\n                        name=\"contactCheckin\"\n                        value=\"\" \/><button\n                        type=\"button\">Clear<\/button>\n                    <button type=\"button\">Clear<\/button>\n                                  <!-- date -->\n              <!-- col -->\n                    <input data-beatpicker-id=\"beatpicker-1\"\n                        readonly=\"readonly\"\n                        placeholder=\"Check out\" data-beatpicker=\"true\"\n                        data-beatpicker-format=\"['MM','DD','YYYY'],separator:'\/'\" type=\"text\"\n                        name=\"contactCheckout\"\/><button\n                        type=\"button\">Clear<\/button><button type=\"button\">Clear<\/button>\n                <!-- date -->\n              <!-- col -->\n            <!-- row -->\n                <select name=\"contactAdults\">\n                  <option value=\"0\">Adultos<\/option>\n                  <option value=\"1\">1<\/option>\n                  <option value=\"2\">2<\/option>\n                  <option value=\"3\">3<\/option>\n                  <option value=\"4\">4<\/option>\n                  <option value=\"5\">5<\/option>\n                <\/select>\n              <!-- col -->\n                <select name=\"contactChildren\">\n                  <option value=\"0\">Ni\u00f1os<\/option>\n                  <option value=\"1\">1<\/option>\n                  <option value=\"2\">2<\/option>\n                  <option value=\"3\">3<\/option>\n                  <option value=\"4\">4<\/option>\n                  <option value=\"5\">5<\/option>\n                <\/select>\n              <!-- col -->\n            <!-- row -->\n            <input type=\"hidden\" name=\"hotel\" value=\"Hotel Yllen\"\/>\n            <input type=\"submit\"\n                value=\"Enviar correo electr\u00f3nico\"\/>\n            \n            <input type=\"hidden\" name=\"submitted\" id=\"submitted\" value=\"true\" \/>\n          <\/form>\n  \n","protected":false},"excerpt":{"rendered":"<p>Hotel Yllen Par\u00eds &#8211; Francia El hotel se encuentra emplazado entre Montparnasse, la Torre Eiffel y el parque de exposiciones internacionales de Porte de Versailles, pero tambi\u00e9n con f\u00e1cil acceso a Les Invalides y al renombrado Instituto Pasteur. Con su arquitectura neocl\u00e1sica, el Hotel Yllen combina encanto y comodidad moderna en 38 habitaciones, que incluyen <a href=\"https:\/\/www.occident-orient-connection.com\/es\/nuestro-portfolio\/hotel-yllen\/\" class=\"more-link\">&#8230;<\/a><\/p>\n","protected":false},"author":2,"featured_media":0,"parent":1143,"menu_order":40,"comment_status":"closed","ping_status":"closed","template":"","meta":[],"_links":{"self":[{"href":"https:\/\/www.occident-orient-connection.com\/es\/wp-json\/wp\/v2\/pages\/555"}],"collection":[{"href":"https:\/\/www.occident-orient-connection.com\/es\/wp-json\/wp\/v2\/pages"}],"about":[{"href":"https:\/\/www.occident-orient-connection.com\/es\/wp-json\/wp\/v2\/types\/page"}],"author":[{"embeddable":true,"href":"https:\/\/www.occident-orient-connection.com\/es\/wp-json\/wp\/v2\/users\/2"}],"replies":[{"embeddable":true,"href":"https:\/\/www.occident-orient-connection.com\/es\/wp-json\/wp\/v2\/comments?post=555"}],"version-history":[{"count":2,"href":"https:\/\/www.occident-orient-connection.com\/es\/wp-json\/wp\/v2\/pages\/555\/revisions"}],"predecessor-version":[{"id":1964,"href":"https:\/\/www.occident-orient-connection.com\/es\/wp-json\/wp\/v2\/pages\/555\/revisions\/1964"}],"up":[{"embeddable":true,"href":"https:\/\/www.occident-orient-connection.com\/es\/wp-json\/wp\/v2\/pages\/1143"}],"wp:attachment":[{"href":"https:\/\/www.occident-orient-connection.com\/es\/wp-json\/wp\/v2\/media?parent=555"}],"curies":[{"name":"wp","href":"https:\/\/api.w.org\/{rel}","templated":true}]}}