{"id":7,"date":"2020-02-18T18:21:46","date_gmt":"2020-02-18T17:21:46","guid":{"rendered":"http:\/\/49.12.1.33\/?page_id=7"},"modified":"2026-03-05T16:29:11","modified_gmt":"2026-03-05T15:29:11","slug":"home","status":"publish","type":"page","link":"https:\/\/www.occident-orient-connection.com\/de\/","title":{"rendered":"home"},"content":{"rendered":"<h2>\r\n\t\t Willkommen bei Occident Orient Connection\r\n\t<\/h2>\r\n\t<p>Wir sind Ihr Travel Designer f\u00fcr die individuelle Beratung und Gestaltung Ihrer Reise auf h\u00f6chstem Niveau. Als passionierte Hotelkauffrau und Botschafterin von au\u00dfergew\u00f6hnlichen Reisezielen und Hotels freue ich mich gemeinsam mit meinem Team unsere langj\u00e4hrige internationale Erfahrung mit profundem Fachwissen und der t\u00e4glichen Freude und Begeisterung f\u00fcr unser Metier bei der Gestaltung Ihrer Traumreise einbringen zu d\u00fcrfen. Als hochmotivierte Dienstleistungsprofis ist h\u00f6chster Qualit\u00e4tsanspruch sowohl f\u00fcr das Produkt als auch den Kundenservice unsere Maxime.<\/p>\r\n\t<p>Occident Orient Connection ist Teil der 1996 gegr\u00fcndeten HTC Hotel &amp; Tourismus Consulting GmbH. Der Name entstammt den Urspr\u00fcngen des Unternehmens, das sich zun\u00e4chst auf die exklusive touristische Vermarktung der Insel Zypern als Bindeglied zwischen dem Morgen- und Abendland konzentrierte. In nunmehr 20 Jahren des Bestehens hat sich unser Unternehmen weiterentwickelt und den Marketingfokus auf andere Regionen ausgedehnt.<\/p>\r\n<img loading=\"lazy\" src=\"https:\/\/www.occident-orient-connection.com\/wp-content\/uploads\/I9ATl1DVHm_cordulajuniussignature_.png\" alt=\"\" width=\"165\" height=\"65\" \/><br \/>\r\nGr\u00fcnder\r\n\t\t\t\t<a href=\"http:\/\/www.travellermade.com\/\" target=\"_blank\" rel=\"noopener noreferrer\" itemprop=\"url\">\r\n\t\t\t\t<img loading=\"lazy\" src=\"https:\/\/www.occident-orient-connection.com\/wp-content\/uploads\/9UAHGxMQut_travellermate_logo_gray_-1.png\" alt=\"9UAHGxMQut_travellermate_logo_gray_\" itemprop=\"image\" height=\"65\" width=\"165\" title=\"9UAHGxMQut_travellermate_logo_gray_\" onerror=\"this.style.display='none'\"  \/>\r\n\t\t\t\t<\/a>\r\n\t\r\n          \r\n            <img src=\"\/wp-content\/themes\/ooc_theme\/images\/helper.png\" with=\"980\" height=\"700\" alt=\"\">\r\n        <!-- col -->\r\n            <h1>Lassen Sie sich inspirieren&#8230;<\/h1>\r\n            <p>Jeder Kunde wird von uns ganz pers\u00f6nlich beraten und betreut, sowohl bei der Wahl des Reiseziels, den Modalit\u00e4ten der Anreise, der Wahl seines Hotels, sowie bei der Planung der gesamten Reise.<\/p>\r\n                        <a\r\n              href=\"\/de\/unsere-partner\/\">Unsere Partner<\/a>\r\n                      <!-- gallery-description -->\r\n        <!-- col -->\r\n      <!-- row -->\r\n    <!-- item -->\r\n          \r\n            <img src=\"\/wp-content\/themes\/ooc_theme\/images\/helper.png\" with=\"980\" height=\"700\" alt=\"\">\r\n        <!-- col -->\r\n            <h1><\/h1>\r\n            <p><\/p>\r\n                      <!-- gallery-description -->\r\n        <!-- col -->\r\n      <!-- row -->\r\n    <!-- item -->\r\n  <!-- gallery-sliders -->\r\n<!-- gallery-slider-container -->","protected":false},"excerpt":{"rendered":"<p>Willkommen bei Occident Orient Connection Wir sind Ihr Travel Designer f\u00fcr die individuelle Beratung und Gestaltung Ihrer Reise auf h\u00f6chstem Niveau. Als passionierte Hotelkauffrau und Botschafterin von au\u00dfergew\u00f6hnlichen Reisezielen und Hotels freue ich mich gemeinsam mit meinem Team unsere langj\u00e4hrige internationale Erfahrung mit profundem Fachwissen und der t\u00e4glichen Freude und Begeisterung f\u00fcr unser Metier bei <a href=\"https:\/\/www.occident-orient-connection.com\/de\/\" class=\"more-link\">&#8230;<\/a><\/p>\n","protected":false},"author":2,"featured_media":0,"parent":0,"menu_order":0,"comment_status":"closed","ping_status":"closed","template":"","meta":[],"_links":{"self":[{"href":"https:\/\/www.occident-orient-connection.com\/de\/wp-json\/wp\/v2\/pages\/7"}],"collection":[{"href":"https:\/\/www.occident-orient-connection.com\/de\/wp-json\/wp\/v2\/pages"}],"about":[{"href":"https:\/\/www.occident-orient-connection.com\/de\/wp-json\/wp\/v2\/types\/page"}],"author":[{"embeddable":true,"href":"https:\/\/www.occident-orient-connection.com\/de\/wp-json\/wp\/v2\/users\/2"}],"replies":[{"embeddable":true,"href":"https:\/\/www.occident-orient-connection.com\/de\/wp-json\/wp\/v2\/comments?post=7"}],"version-history":[{"count":53,"href":"https:\/\/www.occident-orient-connection.com\/de\/wp-json\/wp\/v2\/pages\/7\/revisions"}],"predecessor-version":[{"id":1235,"href":"https:\/\/www.occident-orient-connection.com\/de\/wp-json\/wp\/v2\/pages\/7\/revisions\/1235"}],"wp:attachment":[{"href":"https:\/\/www.occident-orient-connection.com\/de\/wp-json\/wp\/v2\/media?parent=7"}],"curies":[{"name":"wp","href":"https:\/\/api.w.org\/{rel}","templated":true}]}}