{"id":591,"date":"2020-03-07T02:57:20","date_gmt":"2020-03-07T01:57:20","guid":{"rendered":"http:\/\/49.12.1.33\/?page_id=591"},"modified":"2020-04-22T20:35:54","modified_gmt":"2020-04-22T18:35:54","slug":"buenos-aires","status":"publish","type":"page","link":"https:\/\/www.occident-orient-connection.com\/de\/buenos-aires\/","title":{"rendered":"Buenos Aires"},"content":{"rendered":"<h1>\n\t\tBuenos Aires\n\t<\/h1>\n\t<p>Argentinien<\/p>\n\t<p>Buenos Aires, Hafen &#8211; und Hauptstadt Argentiniens an der M\u00fcndung des in den s\u00fcdatlantischen Ozean flie\u00dfenden Rio de la Plata gelegen, der Argentinien von Uruguay trennt. Die faszinierende Metropole &#8211; Wiege des Tango\u2019s &#8211; Tor zum s\u00fcdamerikanischen Kontinent &#8211; erstreckt sich von Nord nach S\u00fcd am Flu\u00df entlang. Die Porte\u00f1os, wie die Einheimischen liebevoll genannt werden, haben eine reiche kulturelle Identit\u00e4t. Sie sch\u00e4tzen ihr europ\u00e4isches (Kultur-)Erbe, und dies spiegelt Lebensstil und Architektur weit mehr als jede andere s\u00fcdamerikanische Stadt wieder. Deshalb wird Buenos Aires oft &#8222;Paris S\u00fcdamerikas&#8220; genannt.<\/p>\n<h2>\n\t\t<a href=\"\/de\/zagreb\/\" title=\"Zagreb\" target=\"_self\" rel=\"noopener noreferrer\">\n\t\tZagreb\n\t\t<\/a>\n\t<\/h2>\n<h2>\n\t\t<a href=\"\/de\/berlin\/\" title=\"Berlin\" target=\"_self\" rel=\"noopener noreferrer\">\n\t\tBerlin\n\t\t<\/a>\n\t<\/h2>\n<h2>\n\t\t<a href=\"\/de\/paris\/\" title=\"Paris\" target=\"_self\" rel=\"noopener noreferrer\">\n\t\tParis\n\t\t<\/a>\n\t<\/h2>\n","protected":false},"excerpt":{"rendered":"<p>Buenos Aires Argentinien Buenos Aires, Hafen &#8211; und Hauptstadt Argentiniens an der M\u00fcndung des in den s\u00fcdatlantischen Ozean flie\u00dfenden Rio de la Plata gelegen, der Argentinien von Uruguay trennt. Die faszinierende Metropole &#8211; Wiege des Tango\u2019s &#8211; Tor zum s\u00fcdamerikanischen Kontinent &#8211; erstreckt sich von Nord nach S\u00fcd am Flu\u00df entlang. Die Porte\u00f1os, wie die <a href=\"https:\/\/www.occident-orient-connection.com\/de\/buenos-aires\/\" class=\"more-link\">&#8230;<\/a><\/p>\n","protected":false},"author":2,"featured_media":0,"parent":0,"menu_order":63,"comment_status":"closed","ping_status":"closed","template":"","meta":[],"_links":{"self":[{"href":"https:\/\/www.occident-orient-connection.com\/de\/wp-json\/wp\/v2\/pages\/591"}],"collection":[{"href":"https:\/\/www.occident-orient-connection.com\/de\/wp-json\/wp\/v2\/pages"}],"about":[{"href":"https:\/\/www.occident-orient-connection.com\/de\/wp-json\/wp\/v2\/types\/page"}],"author":[{"embeddable":true,"href":"https:\/\/www.occident-orient-connection.com\/de\/wp-json\/wp\/v2\/users\/2"}],"replies":[{"embeddable":true,"href":"https:\/\/www.occident-orient-connection.com\/de\/wp-json\/wp\/v2\/comments?post=591"}],"version-history":[{"count":4,"href":"https:\/\/www.occident-orient-connection.com\/de\/wp-json\/wp\/v2\/pages\/591\/revisions"}],"predecessor-version":[{"id":1789,"href":"https:\/\/www.occident-orient-connection.com\/de\/wp-json\/wp\/v2\/pages\/591\/revisions\/1789"}],"wp:attachment":[{"href":"https:\/\/www.occident-orient-connection.com\/de\/wp-json\/wp\/v2\/media?parent=591"}],"curies":[{"name":"wp","href":"https:\/\/api.w.org\/{rel}","templated":true}]}}