{"id":588,"date":"2020-03-07T02:55:11","date_gmt":"2020-03-07T01:55:11","guid":{"rendered":"http:\/\/49.12.1.33\/?page_id=588"},"modified":"2020-04-22T20:35:54","modified_gmt":"2020-04-22T18:35:54","slug":"zagreb","status":"publish","type":"page","link":"https:\/\/www.occident-orient-connection.com\/de\/zagreb\/","title":{"rendered":"Zagreb"},"content":{"rendered":"<h1>\n\t\tZagreb\n\t<\/h1>\n\t<p>Kroatien<\/p>\n\t<p>Kroatiens Hauptstadt bleibt ein Geheimtipp unter den europ\u00e4ischen Metropolen. Erstmals 1094 geschichtlich erw\u00e4hnt hat diese Stadt die barocke Atmosph\u00e4re ihrer Altstadt und ihre mystische Sch\u00f6nheit bewahrt. Das Stadtbild ist gepr\u00e4gt durch seine gro\u00dfz\u00fcgigen klassizistisch errichteten Fassaden, vielen kleinen Stra\u00dfencafes, Restaurants und den gro\u00dfz\u00fcgig angelegten Parks Ribnjak und Zrinjevac. Diese erstrecken sich vom denkmalgesch\u00fctzen Hauptbahnhof, einstiger Knotenpunkt des legend\u00e4ren Orientexpress, bis zum zentralen Platz Ban Jelacic. Man f\u00fchlt sich zur\u00fcckversetzt in die Zeit der \u00d6sterreich-Ungarischen Monarchie.<\/p>\n<p>Besuchen Sie die gotische Kathedrale, Di\u00f6zese Kaptol Sitz des Kardinals, den bunten Markt Dolac, mit seiner denkmalgesch\u00fctzen Halle, die jeden Tag aufs Neue mit ihrem authentischem Angebot an unz\u00e4hlig vielen frischen sowie hausgemachten Produkten jeden Fremden fasziniert, ebenso wie der Antiquit\u00e4tenmarkt, der noch ein Geheimtipp f\u00fcr Kunstliebhaber und Sammler ist. Neben einer Vielzahl von herrlichen Museen, Kunstgalerien und Sammlungen bleibt ein weiterer Anziehungspunkt das 1895 erbaute Opernhaus im neugotischen Stil, entworfen von den Wiener Architekten Fellner und Helmer, die auch die Budapester und Wiener Opernh\u00e4user entworfen haben, f\u00fcr jeden Musikliebhaber ein Besuch wert. Die Oberstadt, die heutige Altstadt, mit ihrer ber\u00fchmten St. Marko Kirche, dem Parlamentsgeb\u00e4ude und dem Sitz der Regierung rundet das sch\u00f6ne Stadtbild ab.<\/p>\n<p>Zagreb, die Unbekannte, hat sich auch ihre Entspanntheit erhalten und bleibt zu entdecken.<\/p>\n<h2>\n\t\t<a href=\"\/de\/berlin\/\" title=\"Berlin\" target=\"_self\" rel=\"noopener noreferrer\">\n\t\tBerlin\n\t\t<\/a>\n\t<\/h2>\n<h2>\n\t\t<a href=\"\/de\/paris\/\" title=\"Paris\" target=\"_self\" rel=\"noopener noreferrer\">\n\t\tParis\n\t\t<\/a>\n\t<\/h2>\n<h2>\n\t\t<a href=\"\/de\/buenos-aires\/\" title=\"Buenos Aires\" target=\"_self\" rel=\"noopener noreferrer\">\n\t\tBuenos Aires\n\t\t<\/a>\n\t<\/h2>\n","protected":false},"excerpt":{"rendered":"<p>Zagreb Kroatien Kroatiens Hauptstadt bleibt ein Geheimtipp unter den europ\u00e4ischen Metropolen. Erstmals 1094 geschichtlich erw\u00e4hnt hat diese Stadt die barocke Atmosph\u00e4re ihrer Altstadt und ihre mystische Sch\u00f6nheit bewahrt. Das Stadtbild ist gepr\u00e4gt durch seine gro\u00dfz\u00fcgigen klassizistisch errichteten Fassaden, vielen kleinen Stra\u00dfencafes, Restaurants und den gro\u00dfz\u00fcgig angelegten Parks Ribnjak und Zrinjevac. Diese erstrecken sich vom denkmalgesch\u00fctzen <a href=\"https:\/\/www.occident-orient-connection.com\/de\/zagreb\/\" class=\"more-link\">&#8230;<\/a><\/p>\n","protected":false},"author":2,"featured_media":0,"parent":0,"menu_order":62,"comment_status":"closed","ping_status":"closed","template":"","meta":[],"_links":{"self":[{"href":"https:\/\/www.occident-orient-connection.com\/de\/wp-json\/wp\/v2\/pages\/588"}],"collection":[{"href":"https:\/\/www.occident-orient-connection.com\/de\/wp-json\/wp\/v2\/pages"}],"about":[{"href":"https:\/\/www.occident-orient-connection.com\/de\/wp-json\/wp\/v2\/types\/page"}],"author":[{"embeddable":true,"href":"https:\/\/www.occident-orient-connection.com\/de\/wp-json\/wp\/v2\/users\/2"}],"replies":[{"embeddable":true,"href":"https:\/\/www.occident-orient-connection.com\/de\/wp-json\/wp\/v2\/comments?post=588"}],"version-history":[{"count":4,"href":"https:\/\/www.occident-orient-connection.com\/de\/wp-json\/wp\/v2\/pages\/588\/revisions"}],"predecessor-version":[{"id":1788,"href":"https:\/\/www.occident-orient-connection.com\/de\/wp-json\/wp\/v2\/pages\/588\/revisions\/1788"}],"wp:attachment":[{"href":"https:\/\/www.occident-orient-connection.com\/de\/wp-json\/wp\/v2\/media?parent=588"}],"curies":[{"name":"wp","href":"https:\/\/api.w.org\/{rel}","templated":true}]}}