{"id":585,"date":"2020-03-07T02:52:45","date_gmt":"2020-03-07T01:52:45","guid":{"rendered":"http:\/\/49.12.1.33\/?page_id=585"},"modified":"2020-04-22T20:35:54","modified_gmt":"2020-04-22T18:35:54","slug":"paris","status":"publish","type":"page","link":"https:\/\/www.occident-orient-connection.com\/de\/paris\/","title":{"rendered":"Paris"},"content":{"rendered":"<h1>\n\t\tParis\n\t<\/h1>\n\t<p>Frankreich<\/p>\n\t<p>Paris, die Grande Dame unter den Metropolen dieser Welt. Unverg\u00e4ngliche Sch\u00f6nheit soweit das Auge reicht. Die malerischen Stadtparks laden zum Lustwandeln ein, Weltkulturerbe und Mecca der Kunst und Kulinarik vom kleinsten Bistro bis hin zu den Gourmettempeln, die sch\u00f6ne franz\u00f6sische Sprache, Chic und ein Hauch von Eleganz pr\u00e4gen in vielen Arrondissements das Stra\u00dfenbild und lassen alle Sinne schwingen im Herzen der Welt der Haute Couture.<\/p>\n<p>Paris, der Mythos Stadt der Liebe lebt f\u00fcr immer. Franz\u00f6sisches Savoir Vivre par excellence, das ist unser geliebtes Paris.<\/p>\n<h2>\n\t\t<a href=\"\/de\/zagreb\/\" title=\"Zagreb\" target=\"_self\" rel=\"noopener noreferrer\">\n\t\tZagreb\n\t\t<\/a>\n\t<\/h2>\n<h2>\n\t\t<a href=\"\/de\/berlin\/\" title=\"Berlin\" target=\"_self\" rel=\"noopener noreferrer\">\n\t\tBerlin\n\t\t<\/a>\n\t<\/h2>\n<h2>\n\t\t<a href=\"\/de\/buenos-aires\/\" title=\"Buenos Aires\" target=\"_self\" rel=\"noopener noreferrer\">\n\t\tBuenos Aires\n\t\t<\/a>\n\t<\/h2>\n","protected":false},"excerpt":{"rendered":"<p>Paris Frankreich Paris, die Grande Dame unter den Metropolen dieser Welt. Unverg\u00e4ngliche Sch\u00f6nheit soweit das Auge reicht. Die malerischen Stadtparks laden zum Lustwandeln ein, Weltkulturerbe und Mecca der Kunst und Kulinarik vom kleinsten Bistro bis hin zu den Gourmettempeln, die sch\u00f6ne franz\u00f6sische Sprache, Chic und ein Hauch von Eleganz pr\u00e4gen in vielen Arrondissements das Stra\u00dfenbild <a href=\"https:\/\/www.occident-orient-connection.com\/de\/paris\/\" class=\"more-link\">&#8230;<\/a><\/p>\n","protected":false},"author":2,"featured_media":0,"parent":0,"menu_order":61,"comment_status":"closed","ping_status":"closed","template":"","meta":[],"_links":{"self":[{"href":"https:\/\/www.occident-orient-connection.com\/de\/wp-json\/wp\/v2\/pages\/585"}],"collection":[{"href":"https:\/\/www.occident-orient-connection.com\/de\/wp-json\/wp\/v2\/pages"}],"about":[{"href":"https:\/\/www.occident-orient-connection.com\/de\/wp-json\/wp\/v2\/types\/page"}],"author":[{"embeddable":true,"href":"https:\/\/www.occident-orient-connection.com\/de\/wp-json\/wp\/v2\/users\/2"}],"replies":[{"embeddable":true,"href":"https:\/\/www.occident-orient-connection.com\/de\/wp-json\/wp\/v2\/comments?post=585"}],"version-history":[{"count":4,"href":"https:\/\/www.occident-orient-connection.com\/de\/wp-json\/wp\/v2\/pages\/585\/revisions"}],"predecessor-version":[{"id":1786,"href":"https:\/\/www.occident-orient-connection.com\/de\/wp-json\/wp\/v2\/pages\/585\/revisions\/1786"}],"wp:attachment":[{"href":"https:\/\/www.occident-orient-connection.com\/de\/wp-json\/wp\/v2\/media?parent=585"}],"curies":[{"name":"wp","href":"https:\/\/api.w.org\/{rel}","templated":true}]}}