{"id":581,"date":"2020-03-07T02:48:50","date_gmt":"2020-03-07T01:48:50","guid":{"rendered":"http:\/\/49.12.1.33\/?page_id=581"},"modified":"2020-04-22T20:35:54","modified_gmt":"2020-04-22T18:35:54","slug":"berlin","status":"publish","type":"page","link":"https:\/\/www.occident-orient-connection.com\/de\/berlin\/","title":{"rendered":"Berlin"},"content":{"rendered":"<h1>\n\t\tBerlin\n\t<\/h1>\n\t<p>Deutschland<\/p>\n\t<p>Berlin, die alte neue Hauptstadt! Keine andere Stadt in Europa inszeniert sich t\u00e4glich neu, so wie Berlin.<\/p>\n<p>Tauchen Sie ein in ein grandioses Kulturangebot mit spektakul\u00e4rem Nachtleben in dieser Stadt, die offen f\u00fcr alle Lebensstile ist: Weltkulturerbe mit beeindruckender Geschichte, weltklasse Museen, reiches architektonisches Erbe mit interessantem Avantgardismus, im alten und neuen Berlin, Zeuge seiner bewegten Geschichte, die man in vielen Kiezen wiederfindet, die Berlinale, unz\u00e4hlige Kleinb\u00fchnen, Theater, Kabarett, Jazz, Tango, aber vor allem Mecca der klassischen Musik mit seiner weltber\u00fchmten Philharmonie, mehreren Symphonieorchestern, Rundfunkch\u00f6ren von Weltruf sowie drei Opernh\u00e4usern.<\/p>\n<p>Das alles ist unser Berlin, weltoffen und tolerant wie keine andere europ\u00e4ische Metropole!<\/p>\n<h2>\n\t\t<a href=\"\/de\/zagreb\/\" title=\"Zagreb\" target=\"_self\" rel=\"noopener noreferrer\">\n\t\tZagreb\n\t\t<\/a>\n\t<\/h2>\n<h2>\n\t\t<a href=\"\/de\/paris\/\" title=\"Paris\" target=\"_self\" rel=\"noopener noreferrer\">\n\t\tParis\n\t\t<\/a>\n\t<\/h2>\n<h2>\n\t\t<a href=\"\/de\/buenos-aires\/\" title=\"Buenos Aires\" target=\"_self\" rel=\"noopener noreferrer\">\n\t\tBuenos Aires\n\t\t<\/a>\n\t<\/h2>\n","protected":false},"excerpt":{"rendered":"<p>Berlin Deutschland Berlin, die alte neue Hauptstadt! Keine andere Stadt in Europa inszeniert sich t\u00e4glich neu, so wie Berlin. Tauchen Sie ein in ein grandioses Kulturangebot mit spektakul\u00e4rem Nachtleben in dieser Stadt, die offen f\u00fcr alle Lebensstile ist: Weltkulturerbe mit beeindruckender Geschichte, weltklasse Museen, reiches architektonisches Erbe mit interessantem Avantgardismus, im alten und neuen Berlin, <a href=\"https:\/\/www.occident-orient-connection.com\/de\/berlin\/\" class=\"more-link\">&#8230;<\/a><\/p>\n","protected":false},"author":2,"featured_media":0,"parent":0,"menu_order":60,"comment_status":"closed","ping_status":"closed","template":"","meta":[],"_links":{"self":[{"href":"https:\/\/www.occident-orient-connection.com\/de\/wp-json\/wp\/v2\/pages\/581"}],"collection":[{"href":"https:\/\/www.occident-orient-connection.com\/de\/wp-json\/wp\/v2\/pages"}],"about":[{"href":"https:\/\/www.occident-orient-connection.com\/de\/wp-json\/wp\/v2\/types\/page"}],"author":[{"embeddable":true,"href":"https:\/\/www.occident-orient-connection.com\/de\/wp-json\/wp\/v2\/users\/2"}],"replies":[{"embeddable":true,"href":"https:\/\/www.occident-orient-connection.com\/de\/wp-json\/wp\/v2\/comments?post=581"}],"version-history":[{"count":5,"href":"https:\/\/www.occident-orient-connection.com\/de\/wp-json\/wp\/v2\/pages\/581\/revisions"}],"predecessor-version":[{"id":1787,"href":"https:\/\/www.occident-orient-connection.com\/de\/wp-json\/wp\/v2\/pages\/581\/revisions\/1787"}],"wp:attachment":[{"href":"https:\/\/www.occident-orient-connection.com\/de\/wp-json\/wp\/v2\/media?parent=581"}],"curies":[{"name":"wp","href":"https:\/\/api.w.org\/{rel}","templated":true}]}}