{"id":53,"date":"2020-02-28T21:02:20","date_gmt":"2020-02-28T20:02:20","guid":{"rendered":"http:\/\/49.12.1.33\/?page_id=53"},"modified":"2020-04-22T20:35:52","modified_gmt":"2020-04-22T18:35:52","slug":"esplanade-zagreb-hotel","status":"publish","type":"page","link":"https:\/\/www.occident-orient-connection.com\/de\/unsere-partner\/esplanade-zagreb-hotel\/","title":{"rendered":"Esplanade Zagreb Hotel"},"content":{"rendered":"<h1>\n\t\tEsplanade Zagreb\n\t<\/h1>\n\t<p>Zagreb &#8211; Kroatien<\/p>\n\t<p><strong>Das Esplanade Zagreb Hotel<\/strong> ist eine Ikone des Art Deco. 1925 er\u00f6ffnet, war es das Refugium f\u00fcr die Reisenden des legend\u00e4ren Orient Express. Das Esplanade ist ein architektonischer Juwel mit seiner fantastischen avantgardistischen Architektur, die die goldenen 20iger Jahre widerspiegelt. So war das Esplanade von je her Treffpunkt der Gesellschaft: F\u00fcrsten, Pr\u00e4sidenten, Politiker, Filmstars und Musiker z\u00e4hlten zu den G\u00e4sten. Seine famose Oleander Terrasse wurde damals beschrieben als das Ende des Balkans und Beginn der zivilisierten Welt\u2018. Das Hotel wurde nach einer kompletten Grundrenovierung 2004 wieder neuer\u00f6ffnet, mit einem Design das das Beste des heutigen Luxus mit der Art Deco-Tradition nahtlos verschmelzen l\u00e4sst. Mit einem G\u00e4stebuch, das mit Namen von Stars geziert ist wie Louis Armstrong, Orson Welles, Liv Ullman, Woody Allen, Prince Charles, um nur einige zu nennen, folgt das Esplanade seinem Credo, jeden Gast wie einen Star zu behandeln.<\/p>\n\t\t<ul>\n\t\t\t\t\t<li>\n\t\t\t\t<p>208 Zimmer \/ Suiten<\/p>\n\t\t\t<\/li>\n\t\t\t\t\t<li>\n\t\t\t\t<p>Buffetfr\u00fchst\u00fcck<\/p>\n\t\t\t<\/li>\n\t\t\t\t\t<li>\n\t\t\t\t<p>2 Restaurants mit Terrasse<\/p>\n\t\t\t<\/li>\n\t\t\t\t\t<li>\n\t\t\t\t<p>Bar \/ Lounge<\/p>\n\t\t\t<\/li>\n\t\t\t\t<\/ul>\n\t\t<ul>\n\t\t\t\t\t<li>\n\t\t\t\t<p>SPA<\/p>\n\t\t\t<\/li>\n\t\t\t\t\t<li>\n\t\t\t\t<p>Concierge<\/p>\n\t\t\t<\/li>\n\t\t\t\t\t<li>\n\t\t\t\t<p>Konferenzr\u00e4ume<\/p>\n\t\t\t<\/li>\n\t\t\t\t\t<li>\n\t\t\t\t<p>Hunde zugelassen<\/p>\n\t\t\t<\/li>\n\t\t\t\t<\/ul>\n\t<p>Von seiner einfallsreichen K\u00fcche bis hin zu opulenten Marmorb\u00e4dern, die in jedem der 208 Zimmer und Suiten vorzufinden sind, wird jedem Gast von dem zuvorkommenden und aufmerksamen Personal das Gef\u00fchl vermittelt, VIP zu sein. Die Hotel Einrichtungen reichen vom kostenlosen High-Speed Wireless Internet, 24h Etagen-Service, Concierge, Restaurantkarte auch per IPad Darstellung, Bademen\u00fckarte, Geschenkboutique, Limousinen Service, Hundeprogramm bis hin zum Off Roading. Ob Signature Dining im eleganten Zinfandel\u2019s Restaurant oder im schicken Bistro, ein Besuch im Health- und Fitness Club, ob Massage oder Sch\u00f6nheitssalon: alle Angebote garantieren Verw\u00f6hnung und Entspannung f\u00fcr den anspruchsvollen Gast.<\/p>\n<p>Die einzigartigen Konferenzr\u00e4ume mit dem spektakul\u00e4ren Emerald Ballsaal, ein Business Center und Konferenzr\u00e4ume, die kurzfristig gemietet werden k\u00f6nnen, ein jeder mit Tageslicht, Konferenztechnik und exzellente M\u00f6glichkeiten f\u00fcr unterschiedlichste Arten von Veranstaltungen stehen f\u00fcr den Kunden bereit. Mit einem Personal mit pers\u00f6nlicher Note, da\u00df jeden Gast beim Namen kennt. Das Hotel w\u00e4hlt die h\u00f6chsten Servicestandards um den individuellen Anspr\u00fcchen seiner G\u00e4ste gerecht zu werden.<\/p>\n<p>Innovative K\u00fcche in au\u00dfergew\u00f6hnlichem Rahmen mit herrlichem Terrassenblick und der M\u00f6glichkeit im Freien zu speisen beschert einen ganz besonderen Zauber. Vom High-Society Festessen bis hin zum modernem mediterranen Chic mit dem besten Strukli, das die Stadt zu bieten hat, das preisgekr\u00f6nte Restaurant des Esplanade Hotels steht mit seiner K\u00fcchenchefin Ana Grgi, an oberster Stelle der Preistr\u00e4ger vieler Restaurant-Awards. Das talentierte K\u00fcchenteam stellt auch den besten Sommelier des Landes.<\/p>\n<p>Bis heute hat das Esplanade seinen Status als Star der gesamten Region etabliert und dies wird durch eine Vielzahl von anerkannten Preisen immer wieder unter Beweis gestellt. Das Esplanade ist seiner Tradition treu geblieben und hat dennoch mit der Entwicklung unserer Zeit Schritt gehalten.<\/p>\n            <form action=\"https:\/\/www.occident-orient-connection.com\/de\/unsere-partner\/esplanade-zagreb-hotel\/\" id=\"contactForm\" method=\"post\">\n                                   <input type=\"textfield\" name=\"contactName\"\n                    placeholder=\"First and last name\"\n                    value=\"\" \/>\n              <!-- date -->\n            <!-- col -->\n                                   <input type=\"textfield\" name=\"email\"\n                    placeholder=\"Email\"\n                    value=\"\" \/>\n              <!-- date -->\n            <!-- col -->\n                                   <input type=\"textfield\" name=\"contactPhone\" placeholder=\"Phone\"\n                    value=\"\" \/>\n              <!-- date -->\n            <!-- col -->\n                  <input data-beatpicker-id=\"beatpicker-0\"\n                      readonly=\"readonly\" placeholder=\"Check in\"\n                      data-beatpicker=\"true\" data-beatpicker-format=\"['MM','DD','YYYY'],separator:'\/'\" type=\"text\"\n                      name=\"contactCheckin\"\n                      value=\"\" \/><button\n                      type=\"button\">Clear<\/button>\n                  <button type=\"button\">Clear<\/button>\n                              <!-- date -->\n            <!-- col -->\n                  <input data-beatpicker-id=\"beatpicker-1\"\n                      readonly=\"readonly\"\n                      placeholder=\"Check out\" data-beatpicker=\"true\"\n                      data-beatpicker-format=\"['MM','DD','YYYY'],separator:'\/'\" type=\"text\"\n                      name=\"contactCheckout\"><button\n                      type=\"button\">Clear<\/button><button type=\"button\"\n                   >Clear<\/button>\n              <!-- date -->\n            <!-- col -->\n          <!-- row -->\n              <select name=\"contactAdults\">\n                <option value=\"0\">Adults<\/option>\n                <option value=\"1\">1<\/option>\n                <option value=\"2\">2<\/option>\n                <option value=\"3\">3<\/option>\n                <option value=\"4\">4<\/option>\n                <option value=\"5\">5<\/option>\n              <\/select>\n            <!-- col -->\n              <select name=\"contactChildren\">\n                <option value=\"0\">Children<\/option>\n                <option value=\"1\">1<\/option>\n                <option value=\"2\">2<\/option>\n                <option value=\"3\">3<\/option>\n                <option value=\"4\">4<\/option>\n                <option value=\"5\">5<\/option>\n              <\/select>\n            <!-- col -->\n          <!-- row -->\n          <input type=\"hidden\" name=\"hotel\" value=\" Esplanade Zagreb\">\n          <input type=\"submit\"\n              value=\"Send email\">\n          \n          <input type=\"hidden\" name=\"submitted\" id=\"submitted\" value=\"true\" \/>\n        <\/form>\n","protected":false},"excerpt":{"rendered":"<p>Esplanade Zagreb Zagreb &#8211; Kroatien Das Esplanade Zagreb Hotel ist eine Ikone des Art Deco. 1925 er\u00f6ffnet, war es das Refugium f\u00fcr die Reisenden des legend\u00e4ren Orient Express. Das Esplanade ist ein architektonischer Juwel mit seiner fantastischen avantgardistischen Architektur, die die goldenen 20iger Jahre widerspiegelt. So war das Esplanade von je her Treffpunkt der Gesellschaft: <a href=\"https:\/\/www.occident-orient-connection.com\/de\/unsere-partner\/esplanade-zagreb-hotel\/\" class=\"more-link\">&#8230;<\/a><\/p>\n","protected":false},"author":2,"featured_media":0,"parent":1133,"menu_order":9,"comment_status":"closed","ping_status":"closed","template":"","meta":[],"_links":{"self":[{"href":"https:\/\/www.occident-orient-connection.com\/de\/wp-json\/wp\/v2\/pages\/53"}],"collection":[{"href":"https:\/\/www.occident-orient-connection.com\/de\/wp-json\/wp\/v2\/pages"}],"about":[{"href":"https:\/\/www.occident-orient-connection.com\/de\/wp-json\/wp\/v2\/types\/page"}],"author":[{"embeddable":true,"href":"https:\/\/www.occident-orient-connection.com\/de\/wp-json\/wp\/v2\/users\/2"}],"replies":[{"embeddable":true,"href":"https:\/\/www.occident-orient-connection.com\/de\/wp-json\/wp\/v2\/comments?post=53"}],"version-history":[{"count":7,"href":"https:\/\/www.occident-orient-connection.com\/de\/wp-json\/wp\/v2\/pages\/53\/revisions"}],"predecessor-version":[{"id":1828,"href":"https:\/\/www.occident-orient-connection.com\/de\/wp-json\/wp\/v2\/pages\/53\/revisions\/1828"}],"up":[{"embeddable":true,"href":"https:\/\/www.occident-orient-connection.com\/de\/wp-json\/wp\/v2\/pages\/1133"}],"wp:attachment":[{"href":"https:\/\/www.occident-orient-connection.com\/de\/wp-json\/wp\/v2\/media?parent=53"}],"curies":[{"name":"wp","href":"https:\/\/api.w.org\/{rel}","templated":true}]}}