{"id":52,"date":"2020-02-28T21:02:32","date_gmt":"2020-02-28T20:02:32","guid":{"rendered":"http:\/\/49.12.1.33\/?page_id=52"},"modified":"2020-04-22T20:35:52","modified_gmt":"2020-04-22T18:35:52","slug":"frankfurter-hof","status":"publish","type":"page","link":"https:\/\/www.occident-orient-connection.com\/de\/unsere-partner\/frankfurter-hof\/","title":{"rendered":"Frankfurter Hof"},"content":{"rendered":"<h1>\n\t\tFrankfurter Hof\n\t<\/h1>\n\t<p>Frankfurt &#8211; Deutschland<\/p>\n\t<strong>Steigenberger Frankfurter Hof<\/strong><br \/>\nSeit \u00fcber 140 Jahren empf\u00e4ngt der Steigenberger Frankfurter Hof anspruchsvolle G\u00e4ste aus aller Welt. Das Grand Hotel liegt zentral im Herzen der Stadt Frankfurt, nur wenige Gehminuten von den Gesch\u00e4fts- und Einkaufszentren sowie den kulturellen Attraktionen der Wirtschaftsmetropole am Main entfernt.\n<p>Tradition trifft Moderne: Als lebendiges Denkmal der F\u00fcnf-Sterne-Hotellerie bietet es seinen G\u00e4sten den Glanz und Charme l\u00e4ngst vergangener Tage.<\/p>\n\t\t<ul>\n\t\t\t\t\t<li>\n\t\t\t\t<p>303 Zimmer \/ Suiten<\/p>\n\t\t\t<\/li>\n\t\t\t\t\t<li>\n\t\t\t\t<p>Buffetfr\u00fchst\u00fcck<\/p>\n\t\t\t<\/li>\n\t\t\t\t\t<li>\n\t\t\t\t<p>1 Bar \/ Wintergarten <\/p>\n\t\t\t<\/li>\n\t\t\t\t\t<li>\n\t\t\t\t<p>3 Restaurants \/ <br>1* Michelin Restaurant <\/p>\n\t\t\t<\/li>\n\t\t\t\t<\/ul>\n\t\t<ul>\n\t\t\t\t\t<li>\n\t\t\t\t<p>Konferenzr\u00e4ume<\/p>\n\t\t\t<\/li>\n\t\t\t\t\t<li>\n\t\t\t\t<p>SPA<\/p>\n\t\t\t<\/li>\n\t\t\t\t\t<li>\n\t\t\t\t<p>Butlerservice<\/p>\n\t\t\t<\/li>\n\t\t\t\t\t<li>\n\t\t\t\t<p>Concierge<\/p>\n\t\t\t<\/li>\n\t\t\t\t<\/ul>\n            <form action=\"https:\/\/www.occident-orient-connection.com\/de\/unsere-partner\/frankfurter-hof\/\" id=\"contactForm\" method=\"post\">\n                                   <input type=\"textfield\" name=\"contactName\"\n                    placeholder=\"First and last name\"\n                    value=\"\" \/>\n              <!-- date -->\n            <!-- col -->\n                                   <input type=\"textfield\" name=\"email\"\n                    placeholder=\"Email\"\n                    value=\"\" \/>\n              <!-- date -->\n            <!-- col -->\n                                   <input type=\"textfield\" name=\"contactPhone\" placeholder=\"Phone\"\n                    value=\"\" \/>\n              <!-- date -->\n            <!-- col -->\n                  <input data-beatpicker-id=\"beatpicker-0\"\n                      readonly=\"readonly\" placeholder=\"Check in\"\n                      data-beatpicker=\"true\" data-beatpicker-format=\"['MM','DD','YYYY'],separator:'\/'\" type=\"text\"\n                      name=\"contactCheckin\"\n                      value=\"\" \/><button\n                      type=\"button\">Clear<\/button>\n                  <button type=\"button\">Clear<\/button>\n                              <!-- date -->\n            <!-- col -->\n                  <input data-beatpicker-id=\"beatpicker-1\"\n                      readonly=\"readonly\"\n                      placeholder=\"Check out\" data-beatpicker=\"true\"\n                      data-beatpicker-format=\"['MM','DD','YYYY'],separator:'\/'\" type=\"text\"\n                      name=\"contactCheckout\"><button\n                      type=\"button\">Clear<\/button><button type=\"button\"\n                   >Clear<\/button>\n              <!-- date -->\n            <!-- col -->\n          <!-- row -->\n              <select name=\"contactAdults\">\n                <option value=\"0\">Adults<\/option>\n                <option value=\"1\">1<\/option>\n                <option value=\"2\">2<\/option>\n                <option value=\"3\">3<\/option>\n                <option value=\"4\">4<\/option>\n                <option value=\"5\">5<\/option>\n              <\/select>\n            <!-- col -->\n              <select name=\"contactChildren\">\n                <option value=\"0\">Children<\/option>\n                <option value=\"1\">1<\/option>\n                <option value=\"2\">2<\/option>\n                <option value=\"3\">3<\/option>\n                <option value=\"4\">4<\/option>\n                <option value=\"5\">5<\/option>\n              <\/select>\n            <!-- col -->\n          <!-- row -->\n          <input type=\"hidden\" name=\"hotel\" value=\"Frankfurter Hof\">\n          <input type=\"submit\"\n              value=\"Send email\">\n          \n          <input type=\"hidden\" name=\"submitted\" id=\"submitted\" value=\"true\" \/>\n        <\/form>\n","protected":false},"excerpt":{"rendered":"<p>Frankfurter Hof Frankfurt &#8211; Deutschland Steigenberger Frankfurter Hof Seit \u00fcber 140 Jahren empf\u00e4ngt der Steigenberger Frankfurter Hof anspruchsvolle G\u00e4ste aus aller Welt. Das Grand Hotel liegt zentral im Herzen der Stadt Frankfurt, nur wenige Gehminuten von den Gesch\u00e4fts- und Einkaufszentren sowie den kulturellen Attraktionen der Wirtschaftsmetropole am Main entfernt. Tradition trifft Moderne: Als lebendiges Denkmal <a href=\"https:\/\/www.occident-orient-connection.com\/de\/unsere-partner\/frankfurter-hof\/\" class=\"more-link\">&#8230;<\/a><\/p>\n","protected":false},"author":2,"featured_media":0,"parent":1133,"menu_order":10,"comment_status":"closed","ping_status":"closed","template":"","meta":[],"_links":{"self":[{"href":"https:\/\/www.occident-orient-connection.com\/de\/wp-json\/wp\/v2\/pages\/52"}],"collection":[{"href":"https:\/\/www.occident-orient-connection.com\/de\/wp-json\/wp\/v2\/pages"}],"about":[{"href":"https:\/\/www.occident-orient-connection.com\/de\/wp-json\/wp\/v2\/types\/page"}],"author":[{"embeddable":true,"href":"https:\/\/www.occident-orient-connection.com\/de\/wp-json\/wp\/v2\/users\/2"}],"replies":[{"embeddable":true,"href":"https:\/\/www.occident-orient-connection.com\/de\/wp-json\/wp\/v2\/comments?post=52"}],"version-history":[{"count":16,"href":"https:\/\/www.occident-orient-connection.com\/de\/wp-json\/wp\/v2\/pages\/52\/revisions"}],"predecessor-version":[{"id":1829,"href":"https:\/\/www.occident-orient-connection.com\/de\/wp-json\/wp\/v2\/pages\/52\/revisions\/1829"}],"up":[{"embeddable":true,"href":"https:\/\/www.occident-orient-connection.com\/de\/wp-json\/wp\/v2\/pages\/1133"}],"wp:attachment":[{"href":"https:\/\/www.occident-orient-connection.com\/de\/wp-json\/wp\/v2\/media?parent=52"}],"curies":[{"name":"wp","href":"https:\/\/api.w.org\/{rel}","templated":true}]}}