{"id":51,"date":"2020-02-28T21:02:46","date_gmt":"2020-02-28T20:02:46","guid":{"rendered":"http:\/\/49.12.1.33\/?page_id=51"},"modified":"2020-04-22T20:35:52","modified_gmt":"2020-04-22T18:35:52","slug":"four-seasons-hotel","status":"publish","type":"page","link":"https:\/\/www.occident-orient-connection.com\/de\/unsere-partner\/four-seasons-hotel\/","title":{"rendered":"Four Seasons Hotel"},"content":{"rendered":"<h1>\n\t\tFour Seasons Hotel\n\t<\/h1>\n\t<p>Limassol &#8211; Zypern<\/p>\n\t<p>Die Insel Zypern am Kreuzweg dreier Kontinente gelegen und nur ca. 3 Flugstunden von den wichtigsten Metropolen Europas entfernt macht diese ganzj\u00e4hrig von der Sonne verw\u00f6hnte Mittelmeerinsel mit ungew\u00f6hnlich mildem Klima zu einem Hideaway f\u00fcr den erholungssuchenden Vielreisenden.<\/p>\n<p><strong>Das Four Seasons Hotel Limassol<\/strong> ist das Flaggschiff der 1989 gegr\u00fcndeten Muskita Hotelgruppe, ausschlie\u00dflich in Privatbesitz gef\u00fchrten Luxushotels. Das Four Seasons, \u00f6stlich von Limassol auf halbem Wege zwischen den Flugh\u00e4fen von Larnaca und Paphos gelegen. Dieses 5-Sterne Luxusresort, Inbegriff von Luxus &amp; zeitloser Eleganz, mit Einrichtungen, die st\u00e4ndig dem aktuellen Zeitgeist angepasst werden und somit Gastlichkeit auf h\u00f6chstem professionellem Niveau widerspiegeln.<\/p>\n\t\t<ul>\n\t\t\t\t\t<li>\n\t\t\t\t<p>302 Zimmer \/ Suiten<\/p>\n\t\t\t<\/li>\n\t\t\t\t\t<li>\n\t\t\t\t<p>Buffetfr\u00fchst\u00fcck<\/p>\n\t\t\t<\/li>\n\t\t\t\t\t<li>\n\t\t\t\t<p>5 Restaurants<\/p>\n\t\t\t<\/li>\n\t\t\t\t\t<li>\n\t\t\t\t<p>5 Bars<\/p>\n\t\t\t<\/li>\n\t\t\t\t<\/ul>\n\t\t<ul>\n\t\t\t\t\t<li>\n\t\t\t\t<p>Lounge<\/p>\n\t\t\t<\/li>\n\t\t\t\t\t<li>\n\t\t\t\t<p>Konferenzr\u00e4ume<\/p>\n\t\t\t<\/li>\n\t\t\t\t\t<li>\n\t\t\t\t<p>SPA<\/p>\n\t\t\t<\/li>\n\t\t\t\t\t<li>\n\t\t\t\t<p>St. George&#8217;s Kapelle<\/p>\n\t\t\t<\/li>\n\t\t\t\t<\/ul>\n            <form action=\"https:\/\/www.occident-orient-connection.com\/de\/unsere-partner\/four-seasons-hotel\/\" id=\"contactForm\" method=\"post\">\n                                   <input type=\"textfield\" name=\"contactName\"\n                    placeholder=\"First and last name\"\n                    value=\"\" \/>\n              <!-- date -->\n            <!-- col -->\n                                   <input type=\"textfield\" name=\"email\"\n                    placeholder=\"Email\"\n                    value=\"\" \/>\n              <!-- date -->\n            <!-- col -->\n                                   <input type=\"textfield\" name=\"contactPhone\" placeholder=\"Phone\"\n                    value=\"\" \/>\n              <!-- date -->\n            <!-- col -->\n                  <input data-beatpicker-id=\"beatpicker-0\"\n                      readonly=\"readonly\" placeholder=\"Check in\"\n                      data-beatpicker=\"true\" data-beatpicker-format=\"['MM','DD','YYYY'],separator:'\/'\" type=\"text\"\n                      name=\"contactCheckin\"\n                      value=\"\" \/><button\n                      type=\"button\">Clear<\/button>\n                  <button type=\"button\">Clear<\/button>\n                              <!-- date -->\n            <!-- col -->\n                  <input data-beatpicker-id=\"beatpicker-1\"\n                      readonly=\"readonly\"\n                      placeholder=\"Check out\" data-beatpicker=\"true\"\n                      data-beatpicker-format=\"['MM','DD','YYYY'],separator:'\/'\" type=\"text\"\n                      name=\"contactCheckout\"><button\n                      type=\"button\">Clear<\/button><button type=\"button\"\n                   >Clear<\/button>\n              <!-- date -->\n            <!-- col -->\n          <!-- row -->\n              <select name=\"contactAdults\">\n                <option value=\"0\">Adults<\/option>\n                <option value=\"1\">1<\/option>\n                <option value=\"2\">2<\/option>\n                <option value=\"3\">3<\/option>\n                <option value=\"4\">4<\/option>\n                <option value=\"5\">5<\/option>\n              <\/select>\n            <!-- col -->\n              <select name=\"contactChildren\">\n                <option value=\"0\">Children<\/option>\n                <option value=\"1\">1<\/option>\n                <option value=\"2\">2<\/option>\n                <option value=\"3\">3<\/option>\n                <option value=\"4\">4<\/option>\n                <option value=\"5\">5<\/option>\n              <\/select>\n            <!-- col -->\n          <!-- row -->\n          <input type=\"hidden\" name=\"hotel\" value=\" Four Seasons Hotel\">\n          <input type=\"submit\"\n              value=\"Send email\">\n          \n          <input type=\"hidden\" name=\"submitted\" id=\"submitted\" value=\"true\" \/>\n        <\/form>\n","protected":false},"excerpt":{"rendered":"<p>Four Seasons Hotel Limassol &#8211; Zypern Die Insel Zypern am Kreuzweg dreier Kontinente gelegen und nur ca. 3 Flugstunden von den wichtigsten Metropolen Europas entfernt macht diese ganzj\u00e4hrig von der Sonne verw\u00f6hnte Mittelmeerinsel mit ungew\u00f6hnlich mildem Klima zu einem Hideaway f\u00fcr den erholungssuchenden Vielreisenden. Das Four Seasons Hotel Limassol ist das Flaggschiff der 1989 gegr\u00fcndeten <a href=\"https:\/\/www.occident-orient-connection.com\/de\/unsere-partner\/four-seasons-hotel\/\" class=\"more-link\">&#8230;<\/a><\/p>\n","protected":false},"author":2,"featured_media":0,"parent":1133,"menu_order":15,"comment_status":"closed","ping_status":"closed","template":"","meta":[],"_links":{"self":[{"href":"https:\/\/www.occident-orient-connection.com\/de\/wp-json\/wp\/v2\/pages\/51"}],"collection":[{"href":"https:\/\/www.occident-orient-connection.com\/de\/wp-json\/wp\/v2\/pages"}],"about":[{"href":"https:\/\/www.occident-orient-connection.com\/de\/wp-json\/wp\/v2\/types\/page"}],"author":[{"embeddable":true,"href":"https:\/\/www.occident-orient-connection.com\/de\/wp-json\/wp\/v2\/users\/2"}],"replies":[{"embeddable":true,"href":"https:\/\/www.occident-orient-connection.com\/de\/wp-json\/wp\/v2\/comments?post=51"}],"version-history":[{"count":7,"href":"https:\/\/www.occident-orient-connection.com\/de\/wp-json\/wp\/v2\/pages\/51\/revisions"}],"predecessor-version":[{"id":1830,"href":"https:\/\/www.occident-orient-connection.com\/de\/wp-json\/wp\/v2\/pages\/51\/revisions\/1830"}],"up":[{"embeddable":true,"href":"https:\/\/www.occident-orient-connection.com\/de\/wp-json\/wp\/v2\/pages\/1133"}],"wp:attachment":[{"href":"https:\/\/www.occident-orient-connection.com\/de\/wp-json\/wp\/v2\/media?parent=51"}],"curies":[{"name":"wp","href":"https:\/\/api.w.org\/{rel}","templated":true}]}}