{"id":50,"date":"2020-02-28T21:02:59","date_gmt":"2020-02-28T20:02:59","guid":{"rendered":"http:\/\/49.12.1.33\/?page_id=50"},"modified":"2020-04-22T20:35:53","modified_gmt":"2020-04-22T18:35:53","slug":"hotel-stadt-hamburg","status":"publish","type":"page","link":"https:\/\/www.occident-orient-connection.com\/de\/unsere-partner\/hotel-stadt-hamburg\/","title":{"rendered":"Hotel Stadt Hamburg"},"content":{"rendered":"<h1>\n\t\tHotel Stadt Hamburg\n\t<\/h1>\n\t<p>Sylt &#8211; Deutschland<\/p>\n\t<strong>Die Insel Sylt<\/strong><br \/>\nSylt ist die gr\u00f6\u00dfte nordfriesische Insel, nirgendwo anders trifft Natur auf Kulinarik, trifft Jetset auf Buddelhose, trifft Weltnaturerbe &#8222;Wattenmeer&#8220; auf Shopping. Hier gibt es f\u00fcr Jeden etwas, von Clubnacht in Kampen bis einsam am Strand. Erleben Sie die besondere Atmosph\u00e4re eines der besten inhabergef\u00fchrten Luxushotels in Deutschland, dem Hotel Stadt Hamburg, in einer \u00fcberw\u00e4ltigenden Natur mit ihrer einmaligen D\u00fcnenlandschaft und dem einzigartigen Nordseeklima der faszinierenden Nordseeinsel Sylt.\n\t\t<ul>\n\t\t\t\t\t<li>\n\t\t\t\t<p>69 Zimmer \/ Suiten<\/p>\n\t\t\t<\/li>\n\t\t\t\t\t<li>\n\t\t\t\t<p>2 Restaurants mit Terrasse<\/p>\n\t\t\t<\/li>\n\t\t\t\t\t<li>\n\t\t\t\t<p>\u00e0 la carte Fr\u00fchst\u00fcck bis 17 Uhr <\/p>\n\t\t\t<\/li>\n\t\t\t\t<\/ul>\n\t\t<ul>\n\t\t\t\t\t<li>\n\t\t\t\t<p>Kaminzimmer<\/p>\n\t\t\t<\/li>\n\t\t\t\t\t<li>\n\t\t\t\t<p>Konferenzr\u00e4ume<\/p>\n\t\t\t<\/li>\n\t\t\t\t\t<li>\n\t\t\t\t<p>SPA<\/p>\n\t\t\t<\/li>\n\t\t\t\t\t<li>\n\t\t\t\t<p>Hunde zugelassen<\/p>\n\t\t\t<\/li>\n\t\t\t\t<\/ul>\n\t<strong>Hotel Stadt Hamburg &#8211; Sylt<\/strong><br \/>\nGegr\u00fcndet 1869 und heute in dritter Generation von Familie Hentzschel gef\u00fchrt, wird die Philosophie des Hotel Stadt Hamburg gepr\u00e4gt von zeitgem\u00e4\u00dfen Traditionen, gepflegtem Understatement, einer ungezwungenen Gastlichkeit und einem gegenw\u00e4rtigen, aber unaufdringlichen Service von fast 100 Mitarbeitern, der begeistert.\n<p>Edle Stoffe und Tapeten, ausgesuchte Antiquit\u00e4ten und Gem\u00e4lde sowie liebevolle Details und stets frische Blumen vermitteln das stilvolle Flair eines englischen Landhauses und unterstreichen den pers\u00f6nlichen Charakter dieses kleinen Grand Hotels. In jedem der 69 individuell eingerichteten Zimmer und Suiten f\u00fchlt sich der Gast gut aufgehoben. Behaglichkeit und hochwertige Ausstattungen dominieren den Wohnkomfort. Ein herrschaftliches Kaminzimmer, 2 Restaurants mit Terrasse, sowie Spa mit Beauty- und Wellness-Bereich tragen zum absoluten Wohlbefinden bei.<\/p>\n            <form action=\"https:\/\/www.occident-orient-connection.com\/de\/unsere-partner\/hotel-stadt-hamburg\/\" id=\"contactForm\" method=\"post\">\n                                   <input type=\"textfield\" name=\"contactName\"\n                    placeholder=\"First and last name\"\n                    value=\"\" \/>\n              <!-- date -->\n            <!-- col -->\n                                   <input type=\"textfield\" name=\"email\"\n                    placeholder=\"Email\"\n                    value=\"\" \/>\n              <!-- date -->\n            <!-- col -->\n                                   <input type=\"textfield\" name=\"contactPhone\" placeholder=\"Phone\"\n                    value=\"\" \/>\n              <!-- date -->\n            <!-- col -->\n                  <input data-beatpicker-id=\"beatpicker-0\"\n                      readonly=\"readonly\" placeholder=\"Check in\"\n                      data-beatpicker=\"true\" data-beatpicker-format=\"['MM','DD','YYYY'],separator:'\/'\" type=\"text\"\n                      name=\"contactCheckin\"\n                      value=\"\" \/><button\n                      type=\"button\">Clear<\/button>\n                  <button type=\"button\">Clear<\/button>\n                              <!-- date -->\n            <!-- col -->\n                  <input data-beatpicker-id=\"beatpicker-1\"\n                      readonly=\"readonly\"\n                      placeholder=\"Check out\" data-beatpicker=\"true\"\n                      data-beatpicker-format=\"['MM','DD','YYYY'],separator:'\/'\" type=\"text\"\n                      name=\"contactCheckout\"><button\n                      type=\"button\">Clear<\/button><button type=\"button\"\n                   >Clear<\/button>\n              <!-- date -->\n            <!-- col -->\n          <!-- row -->\n              <select name=\"contactAdults\">\n                <option value=\"0\">Adults<\/option>\n                <option value=\"1\">1<\/option>\n                <option value=\"2\">2<\/option>\n                <option value=\"3\">3<\/option>\n                <option value=\"4\">4<\/option>\n                <option value=\"5\">5<\/option>\n              <\/select>\n            <!-- col -->\n              <select name=\"contactChildren\">\n                <option value=\"0\">Children<\/option>\n                <option value=\"1\">1<\/option>\n                <option value=\"2\">2<\/option>\n                <option value=\"3\">3<\/option>\n                <option value=\"4\">4<\/option>\n                <option value=\"5\">5<\/option>\n              <\/select>\n            <!-- col -->\n          <!-- row -->\n          <input type=\"hidden\" name=\"hotel\" value=\"Hotel Stadt Hamburg\">\n          <input type=\"submit\"\n              value=\"Send email\">\n          \n          <input type=\"hidden\" name=\"submitted\" id=\"submitted\" value=\"true\" \/>\n        <\/form>\n","protected":false},"excerpt":{"rendered":"<p>Hotel Stadt Hamburg Sylt &#8211; Deutschland Die Insel Sylt Sylt ist die gr\u00f6\u00dfte nordfriesische Insel, nirgendwo anders trifft Natur auf Kulinarik, trifft Jetset auf Buddelhose, trifft Weltnaturerbe &#8222;Wattenmeer&#8220; auf Shopping. Hier gibt es f\u00fcr Jeden etwas, von Clubnacht in Kampen bis einsam am Strand. Erleben Sie die besondere Atmosph\u00e4re eines der besten inhabergef\u00fchrten Luxushotels in <a href=\"https:\/\/www.occident-orient-connection.com\/de\/unsere-partner\/hotel-stadt-hamburg\/\" class=\"more-link\">&#8230;<\/a><\/p>\n","protected":false},"author":2,"featured_media":0,"parent":1133,"menu_order":20,"comment_status":"closed","ping_status":"closed","template":"","meta":[],"_links":{"self":[{"href":"https:\/\/www.occident-orient-connection.com\/de\/wp-json\/wp\/v2\/pages\/50"}],"collection":[{"href":"https:\/\/www.occident-orient-connection.com\/de\/wp-json\/wp\/v2\/pages"}],"about":[{"href":"https:\/\/www.occident-orient-connection.com\/de\/wp-json\/wp\/v2\/types\/page"}],"author":[{"embeddable":true,"href":"https:\/\/www.occident-orient-connection.com\/de\/wp-json\/wp\/v2\/users\/2"}],"replies":[{"embeddable":true,"href":"https:\/\/www.occident-orient-connection.com\/de\/wp-json\/wp\/v2\/comments?post=50"}],"version-history":[{"count":6,"href":"https:\/\/www.occident-orient-connection.com\/de\/wp-json\/wp\/v2\/pages\/50\/revisions"}],"predecessor-version":[{"id":1831,"href":"https:\/\/www.occident-orient-connection.com\/de\/wp-json\/wp\/v2\/pages\/50\/revisions\/1831"}],"up":[{"embeddable":true,"href":"https:\/\/www.occident-orient-connection.com\/de\/wp-json\/wp\/v2\/pages\/1133"}],"wp:attachment":[{"href":"https:\/\/www.occident-orient-connection.com\/de\/wp-json\/wp\/v2\/media?parent=50"}],"curies":[{"name":"wp","href":"https:\/\/api.w.org\/{rel}","templated":true}]}}