{"id":49,"date":"2020-02-28T21:03:20","date_gmt":"2020-02-28T20:03:20","guid":{"rendered":"http:\/\/49.12.1.33\/?page_id=49"},"modified":"2020-04-22T20:35:53","modified_gmt":"2020-04-22T18:35:53","slug":"suellberg-karlheinz-hauser","status":"publish","type":"page","link":"https:\/\/www.occident-orient-connection.com\/de\/unsere-partner\/suellberg-karlheinz-hauser\/","title":{"rendered":"S\u00fcllberg Karlheinz Hauser"},"content":{"rendered":"<h1>\n\t\tS\u00fcllberg Karlheinz Hauser\n\t<\/h1>\n\t<p>Hamburg &#8211; Deutschland<\/p>\n\t<strong>Der S\u00fcllberg<\/strong><br \/>\nDie Historie des S\u00fcllbergs l\u00e4sst sich bis in das Jahr 1060 zur\u00fcckverfolgen: Damals wurde die erste Festung auf dem 75 m hohen Berg erbaut. Um 1850 z\u00e4hlte der S\u00fcllberg bereits zu den beliebtesten Ausflugslokalen. Die Anlage selbst wurde in den Jahren 1887 bis 1903 errichtet. Jede Zeit hat ihre Anspr\u00fcche, deshalb wurde der S\u00fcllberg im Laufe der letzten Jahre diverse Male ver\u00e4ndert und umgebaut, zuletzt von 1999 bis 2002.\n<p>Seit 2002 ist es Karlheinz Hauser mit seinem professionellen Team gelungen, auf Basis seines fundierten Konzeptes, seiner besonderen Liebe zum Detail und seiner Leidenschaft zur Gastronomie, das St\u00fcck Hamburger Stadtgeschichte wieder im neuen Glanz erstrahlen zu lassen. Karlheinz Hauser bietet auf dem traditionsreichen S\u00fcllberg Genuss in all seinen Facetten.<\/p>\n\t\t<ul>\n\t\t\t\t\t<li>\n\t\t\t\t<p>11 Zimmer \/ Suiten<\/p>\n\t\t\t<\/li>\n\t\t\t\t\t<li>\n\t\t\t\t<p>2 Restaurants \/ <br>2** Michelin Restaurant <\/p>\n\t\t\t<\/li>\n\t\t\t\t<\/ul>\n\t\t<ul>\n\t\t\t\t\t<li>\n\t\t\t\t<p>1 Terrasse<\/p>\n\t\t\t<\/li>\n\t\t\t\t\t<li>\n\t\t\t\t<p>Konferenzr\u00e4ume<\/p>\n\t\t\t<\/li>\n\t\t\t\t<\/ul>\n\t<strong>S\u00fcllberg Hotel<\/strong><br \/>\nIn der ehemaligen Remise neben dem Hauptgeb\u00e4ude befinden sich 10 individuelle Zimmer und Suiten mit modernster Technik und hohem Komfort ausgestattet. Warme Farben, edle H\u00f6lzer und hochwertige Stoffe verleihen jedem einzelnen Raum elegantes Flair. Von einigen der Zimmer k\u00f6nnen Sie den herrlichen Elbblick genie\u00dfen.\n<strong>Gourmetrestaurant &#8222;Seven Seas&#8220;<\/strong><br \/>\nDas Gourmetrestaurant &#8222;Seven Seas&#8220; ist das Herzst\u00fcck des S\u00fcllberg-Ensembles. In elegantem Ambiente, ausgestattet mit den edelsten Details der Tisch- und Tafelkultur, wird Ihnen hier die Kochkunst der ganz besonderen Art pr\u00e4sentiert. Das &#8222;Seven Seas&#8220; bietet eine exzellente klassisch-franz\u00f6sisch gepr\u00e4gte und mit Einfl\u00fcssen der sieben Weltmeere akzentuierte K\u00fcche, die mit zwei der begehrten Michelin-Sternen ausgezeichnet ist. Der Blick \u00fcber die Elbe rundet das Genusserlebnis ab, wobei im Sommer dieses auch auf der Gourmet-Terrasse unter freiem Sternenhimmel erlebt werden kann.\n            <form action=\"https:\/\/www.occident-orient-connection.com\/de\/unsere-partner\/suellberg-karlheinz-hauser\/\" id=\"contactForm\" method=\"post\">\n                                   <input type=\"textfield\" name=\"contactName\"\n                    placeholder=\"First and last name\"\n                    value=\"\" \/>\n              <!-- date -->\n            <!-- col -->\n                                   <input type=\"textfield\" name=\"email\"\n                    placeholder=\"Email\"\n                    value=\"\" \/>\n              <!-- date -->\n            <!-- col -->\n                                   <input type=\"textfield\" name=\"contactPhone\" placeholder=\"Phone\"\n                    value=\"\" \/>\n              <!-- date -->\n            <!-- col -->\n                  <input data-beatpicker-id=\"beatpicker-0\"\n                      readonly=\"readonly\" placeholder=\"Check in\"\n                      data-beatpicker=\"true\" data-beatpicker-format=\"['MM','DD','YYYY'],separator:'\/'\" type=\"text\"\n                      name=\"contactCheckin\"\n                      value=\"\" \/><button\n                      type=\"button\">Clear<\/button>\n                  <button type=\"button\">Clear<\/button>\n                              <!-- date -->\n            <!-- col -->\n                  <input data-beatpicker-id=\"beatpicker-1\"\n                      readonly=\"readonly\"\n                      placeholder=\"Check out\" data-beatpicker=\"true\"\n                      data-beatpicker-format=\"['MM','DD','YYYY'],separator:'\/'\" type=\"text\"\n                      name=\"contactCheckout\"><button\n                      type=\"button\">Clear<\/button><button type=\"button\"\n                   >Clear<\/button>\n              <!-- date -->\n            <!-- col -->\n          <!-- row -->\n              <select name=\"contactAdults\">\n                <option value=\"0\">Adults<\/option>\n                <option value=\"1\">1<\/option>\n                <option value=\"2\">2<\/option>\n                <option value=\"3\">3<\/option>\n                <option value=\"4\">4<\/option>\n                <option value=\"5\">5<\/option>\n              <\/select>\n            <!-- col -->\n              <select name=\"contactChildren\">\n                <option value=\"0\">Children<\/option>\n                <option value=\"1\">1<\/option>\n                <option value=\"2\">2<\/option>\n                <option value=\"3\">3<\/option>\n                <option value=\"4\">4<\/option>\n                <option value=\"5\">5<\/option>\n              <\/select>\n            <!-- col -->\n          <!-- row -->\n          <input type=\"hidden\" name=\"hotel\" value=\"S\u00fcllberg Karlheinz Hauser\">\n          <input type=\"submit\"\n              value=\"Send email\">\n          \n          <input type=\"hidden\" name=\"submitted\" id=\"submitted\" value=\"true\" \/>\n        <\/form>\n","protected":false},"excerpt":{"rendered":"<p>S\u00fcllberg Karlheinz Hauser Hamburg &#8211; Deutschland Der S\u00fcllberg Die Historie des S\u00fcllbergs l\u00e4sst sich bis in das Jahr 1060 zur\u00fcckverfolgen: Damals wurde die erste Festung auf dem 75 m hohen Berg erbaut. Um 1850 z\u00e4hlte der S\u00fcllberg bereits zu den beliebtesten Ausflugslokalen. Die Anlage selbst wurde in den Jahren 1887 bis 1903 errichtet. Jede Zeit <a href=\"https:\/\/www.occident-orient-connection.com\/de\/unsere-partner\/suellberg-karlheinz-hauser\/\" class=\"more-link\">&#8230;<\/a><\/p>\n","protected":false},"author":2,"featured_media":0,"parent":1133,"menu_order":24,"comment_status":"closed","ping_status":"closed","template":"","meta":[],"_links":{"self":[{"href":"https:\/\/www.occident-orient-connection.com\/de\/wp-json\/wp\/v2\/pages\/49"}],"collection":[{"href":"https:\/\/www.occident-orient-connection.com\/de\/wp-json\/wp\/v2\/pages"}],"about":[{"href":"https:\/\/www.occident-orient-connection.com\/de\/wp-json\/wp\/v2\/types\/page"}],"author":[{"embeddable":true,"href":"https:\/\/www.occident-orient-connection.com\/de\/wp-json\/wp\/v2\/users\/2"}],"replies":[{"embeddable":true,"href":"https:\/\/www.occident-orient-connection.com\/de\/wp-json\/wp\/v2\/comments?post=49"}],"version-history":[{"count":6,"href":"https:\/\/www.occident-orient-connection.com\/de\/wp-json\/wp\/v2\/pages\/49\/revisions"}],"predecessor-version":[{"id":1832,"href":"https:\/\/www.occident-orient-connection.com\/de\/wp-json\/wp\/v2\/pages\/49\/revisions\/1832"}],"up":[{"embeddable":true,"href":"https:\/\/www.occident-orient-connection.com\/de\/wp-json\/wp\/v2\/pages\/1133"}],"wp:attachment":[{"href":"https:\/\/www.occident-orient-connection.com\/de\/wp-json\/wp\/v2\/media?parent=49"}],"curies":[{"name":"wp","href":"https:\/\/api.w.org\/{rel}","templated":true}]}}