{"id":48,"date":"2020-02-28T21:03:42","date_gmt":"2020-02-28T20:03:42","guid":{"rendered":"http:\/\/49.12.1.33\/?page_id=48"},"modified":"2020-04-22T20:35:53","modified_gmt":"2020-04-22T18:35:53","slug":"legado-mitico-buenos-aires","status":"publish","type":"page","link":"https:\/\/www.occident-orient-connection.com\/de\/unsere-partner\/legado-mitico-buenos-aires\/","title":{"rendered":"Legado M\u00edtico Buenos Aires"},"content":{"rendered":"<h1>\n\t\tLegado M\u00edtico\n\t<\/h1>\n\t<p>Buenos Aires &#8211; Argentinien<\/p>\n\tLage:<strong> Gurruchaga 1848. Palermo Soho &#8211; BUENOS AIRES Stadt<\/strong><br \/>\nIm Herzen der Stadt gelegen inmitten des mystischen Viertels Palermo Soho, erwartet den Gast eine Mischung aus bohemischem und modernem Lebensstil, einst als das Palermo Viejo bekannt, mit pittoreskem Kopfsteinpflaster und dem allgegenw\u00e4rtigen Avantgardismus. Die Argentinische Kultur ist reich an ber\u00fchmten Pers\u00f6nlichkeiten, die nachhaltig die Identit\u00e4t des Landes gepr\u00e4gt haben.\n\t\t<ul>\n\t\t\t\t\t<li>\n\t\t\t\t<p>11 Zimmer \/ Suiten<\/p>\n\t\t\t<\/li>\n\t\t\t\t\t<li>\n\t\t\t\t<p>Buffetfr\u00fchst\u00fcck<\/p>\n\t\t\t<\/li>\n\t\t\t\t\t<li>\n\t\t\t\t<p>Salon Bar mit Terrasse <\/p>\n\t\t\t<\/li>\n\t\t\t\t<\/ul>\n\t<strong>Hotel Legado M\u00edtico Buenos Aires<\/strong><br \/>\nDas Hotel spiegelt den Geist des Viertels wider, denn es ist eine Mischung aus dem Erbe seiner Vergangenheit und der heutigen Zeit. Jedes Zimmer ist eine Hommage an Pers\u00f6nlichkeiten dieser vergangenen Zeit. Die H\u00f6flichkeit aus den alten Zeiten gepaart mit exzellentem Service empfangen den Gast in diesem Haus.\n            <form action=\"https:\/\/www.occident-orient-connection.com\/de\/unsere-partner\/legado-mitico-buenos-aires\/\" id=\"contactForm\" method=\"post\">\n                                   <input type=\"textfield\" name=\"contactName\"\n                    placeholder=\"First and last name\"\n                    value=\"\" \/>\n              <!-- date -->\n            <!-- col -->\n                                   <input type=\"textfield\" name=\"email\"\n                    placeholder=\"Email\"\n                    value=\"\" \/>\n              <!-- date -->\n            <!-- col -->\n                                   <input type=\"textfield\" name=\"contactPhone\" placeholder=\"Phone\"\n                    value=\"\" \/>\n              <!-- date -->\n            <!-- col -->\n                  <input data-beatpicker-id=\"beatpicker-0\"\n                      readonly=\"readonly\" placeholder=\"Check in\"\n                      data-beatpicker=\"true\" data-beatpicker-format=\"['MM','DD','YYYY'],separator:'\/'\" type=\"text\"\n                      name=\"contactCheckin\"\n                      value=\"\" \/><button\n                      type=\"button\">Clear<\/button>\n                  <button type=\"button\">Clear<\/button>\n                              <!-- date -->\n            <!-- col -->\n                  <input data-beatpicker-id=\"beatpicker-1\"\n                      readonly=\"readonly\"\n                      placeholder=\"Check out\" data-beatpicker=\"true\"\n                      data-beatpicker-format=\"['MM','DD','YYYY'],separator:'\/'\" type=\"text\"\n                      name=\"contactCheckout\"><button\n                      type=\"button\">Clear<\/button><button type=\"button\"\n                   >Clear<\/button>\n              <!-- date -->\n            <!-- col -->\n          <!-- row -->\n              <select name=\"contactAdults\">\n                <option value=\"0\">Adults<\/option>\n                <option value=\"1\">1<\/option>\n                <option value=\"2\">2<\/option>\n                <option value=\"3\">3<\/option>\n                <option value=\"4\">4<\/option>\n                <option value=\"5\">5<\/option>\n              <\/select>\n            <!-- col -->\n              <select name=\"contactChildren\">\n                <option value=\"0\">Children<\/option>\n                <option value=\"1\">1<\/option>\n                <option value=\"2\">2<\/option>\n                <option value=\"3\">3<\/option>\n                <option value=\"4\">4<\/option>\n                <option value=\"5\">5<\/option>\n              <\/select>\n            <!-- col -->\n          <!-- row -->\n          <input type=\"hidden\" name=\"hotel\" value=\"Legado M\u00edtico\">\n          <input type=\"submit\"\n              value=\"Send email\">\n          \n          <input type=\"hidden\" name=\"submitted\" id=\"submitted\" value=\"true\" \/>\n        <\/form>\n","protected":false},"excerpt":{"rendered":"<p>Legado M\u00edtico Buenos Aires &#8211; Argentinien Lage: Gurruchaga 1848. Palermo Soho &#8211; BUENOS AIRES Stadt Im Herzen der Stadt gelegen inmitten des mystischen Viertels Palermo Soho, erwartet den Gast eine Mischung aus bohemischem und modernem Lebensstil, einst als das Palermo Viejo bekannt, mit pittoreskem Kopfsteinpflaster und dem allgegenw\u00e4rtigen Avantgardismus. Die Argentinische Kultur ist reich an <a href=\"https:\/\/www.occident-orient-connection.com\/de\/unsere-partner\/legado-mitico-buenos-aires\/\" class=\"more-link\">&#8230;<\/a><\/p>\n","protected":false},"author":2,"featured_media":0,"parent":1133,"menu_order":25,"comment_status":"closed","ping_status":"closed","template":"","meta":[],"_links":{"self":[{"href":"https:\/\/www.occident-orient-connection.com\/de\/wp-json\/wp\/v2\/pages\/48"}],"collection":[{"href":"https:\/\/www.occident-orient-connection.com\/de\/wp-json\/wp\/v2\/pages"}],"about":[{"href":"https:\/\/www.occident-orient-connection.com\/de\/wp-json\/wp\/v2\/types\/page"}],"author":[{"embeddable":true,"href":"https:\/\/www.occident-orient-connection.com\/de\/wp-json\/wp\/v2\/users\/2"}],"replies":[{"embeddable":true,"href":"https:\/\/www.occident-orient-connection.com\/de\/wp-json\/wp\/v2\/comments?post=48"}],"version-history":[{"count":7,"href":"https:\/\/www.occident-orient-connection.com\/de\/wp-json\/wp\/v2\/pages\/48\/revisions"}],"predecessor-version":[{"id":1833,"href":"https:\/\/www.occident-orient-connection.com\/de\/wp-json\/wp\/v2\/pages\/48\/revisions\/1833"}],"up":[{"embeddable":true,"href":"https:\/\/www.occident-orient-connection.com\/de\/wp-json\/wp\/v2\/pages\/1133"}],"wp:attachment":[{"href":"https:\/\/www.occident-orient-connection.com\/de\/wp-json\/wp\/v2\/media?parent=48"}],"curies":[{"name":"wp","href":"https:\/\/api.w.org\/{rel}","templated":true}]}}