{"id":47,"date":"2020-02-28T21:03:58","date_gmt":"2020-02-28T20:03:58","guid":{"rendered":"http:\/\/49.12.1.33\/?page_id=47"},"modified":"2020-04-22T20:35:53","modified_gmt":"2020-04-22T18:35:53","slug":"legado-mitico-salta","status":"publish","type":"page","link":"https:\/\/www.occident-orient-connection.com\/de\/unsere-partner\/legado-mitico-salta\/","title":{"rendered":"Legado M\u00edtico Salta"},"content":{"rendered":"<h1>\n\t\tLegado M\u00edtico Salta\n\t<\/h1>\n\t<p>Salta &#8211; Argentinien<\/p>\n\t<strong>Salta Lage<\/strong><br \/>\nNur knapp 2 Flugstunden von Buenos Aires entfernt, im Nordwesten von Argentinien 1200Meter hoch gelegen, befindet sich die Stadt Salta, die Region ist historisch und farbenfroh, mit authentischen Indio D\u00f6rfern, kontrastreicher Kolonialarchitektur, majest\u00e4tischen Gebirgen, streckenweise entlang der urspr\u00fcnglichen Inkastrasse mit ihren heiligen T\u00e4lern, Hochw\u00fcsten und Tiefland Dschungeln, das alles ist die Region Salta. Die Stadt Salta ist nur 20 Minuten vom Mart\u00edn Miguel de G\u00fcemes Flughafen entfernt.\n\t\t<ul>\n\t\t\t\t\t<li>\n\t\t\t\t<p>11 Zimmer \/ Suiten<\/p>\n\t\t\t<\/li>\n\t\t\t\t\t<li>\n\t\t\t\t<p>Buffetfr\u00fchst\u00fcck<\/p>\n\t\t\t<\/li>\n\t\t\t\t\t<li>\n\t\t\t\t<p>Salon Bar mit Terrasse<\/p>\n\t\t\t<\/li>\n\t\t\t\t<\/ul>\n\t<strong>Myth House<\/strong><br \/>\nIm historischem Zentrum der Stadt Salta unweit des 9ten Julio Platzes in der Mitre Stra\u00dfe gelegen, befindet sich diese wundersch\u00f6ne 11 Zimmer Villa, die einst einer Patrizier Familie aus Salta geh\u00f6rte. Sie hat ihren urspr\u00fcnglichen Charme bewahrt und Tradition und zeitgen\u00f6ssischen Lebensstil bestens miteinander verbunden.\n            <form action=\"https:\/\/www.occident-orient-connection.com\/de\/unsere-partner\/legado-mitico-salta\/\" id=\"contactForm\" method=\"post\">\n                                   <input type=\"textfield\" name=\"contactName\"\n                    placeholder=\"First and last name\"\n                    value=\"\" \/>\n              <!-- date -->\n            <!-- col -->\n                                   <input type=\"textfield\" name=\"email\"\n                    placeholder=\"Email\"\n                    value=\"\" \/>\n              <!-- date -->\n            <!-- col -->\n                                   <input type=\"textfield\" name=\"contactPhone\" placeholder=\"Phone\"\n                    value=\"\" \/>\n              <!-- date -->\n            <!-- col -->\n                  <input data-beatpicker-id=\"beatpicker-0\"\n                      readonly=\"readonly\" placeholder=\"Check in\"\n                      data-beatpicker=\"true\" data-beatpicker-format=\"['MM','DD','YYYY'],separator:'\/'\" type=\"text\"\n                      name=\"contactCheckin\"\n                      value=\"\" \/><button\n                      type=\"button\">Clear<\/button>\n                  <button type=\"button\">Clear<\/button>\n                              <!-- date -->\n            <!-- col -->\n                  <input data-beatpicker-id=\"beatpicker-1\"\n                      readonly=\"readonly\"\n                      placeholder=\"Check out\" data-beatpicker=\"true\"\n                      data-beatpicker-format=\"['MM','DD','YYYY'],separator:'\/'\" type=\"text\"\n                      name=\"contactCheckout\"><button\n                      type=\"button\">Clear<\/button><button type=\"button\"\n                   >Clear<\/button>\n              <!-- date -->\n            <!-- col -->\n          <!-- row -->\n              <select name=\"contactAdults\">\n                <option value=\"0\">Adults<\/option>\n                <option value=\"1\">1<\/option>\n                <option value=\"2\">2<\/option>\n                <option value=\"3\">3<\/option>\n                <option value=\"4\">4<\/option>\n                <option value=\"5\">5<\/option>\n              <\/select>\n            <!-- col -->\n              <select name=\"contactChildren\">\n                <option value=\"0\">Children<\/option>\n                <option value=\"1\">1<\/option>\n                <option value=\"2\">2<\/option>\n                <option value=\"3\">3<\/option>\n                <option value=\"4\">4<\/option>\n                <option value=\"5\">5<\/option>\n              <\/select>\n            <!-- col -->\n          <!-- row -->\n          <input type=\"hidden\" name=\"hotel\" value=\"Legado M\u00edtico Salta\">\n          <input type=\"submit\"\n              value=\"Send email\">\n          \n          <input type=\"hidden\" name=\"submitted\" id=\"submitted\" value=\"true\" \/>\n        <\/form>\n","protected":false},"excerpt":{"rendered":"<p>Legado M\u00edtico Salta Salta &#8211; Argentinien Salta Lage Nur knapp 2 Flugstunden von Buenos Aires entfernt, im Nordwesten von Argentinien 1200Meter hoch gelegen, befindet sich die Stadt Salta, die Region ist historisch und farbenfroh, mit authentischen Indio D\u00f6rfern, kontrastreicher Kolonialarchitektur, majest\u00e4tischen Gebirgen, streckenweise entlang der urspr\u00fcnglichen Inkastrasse mit ihren heiligen T\u00e4lern, Hochw\u00fcsten und Tiefland Dschungeln, <a href=\"https:\/\/www.occident-orient-connection.com\/de\/unsere-partner\/legado-mitico-salta\/\" class=\"more-link\">&#8230;<\/a><\/p>\n","protected":false},"author":2,"featured_media":0,"parent":1133,"menu_order":30,"comment_status":"closed","ping_status":"closed","template":"","meta":[],"_links":{"self":[{"href":"https:\/\/www.occident-orient-connection.com\/de\/wp-json\/wp\/v2\/pages\/47"}],"collection":[{"href":"https:\/\/www.occident-orient-connection.com\/de\/wp-json\/wp\/v2\/pages"}],"about":[{"href":"https:\/\/www.occident-orient-connection.com\/de\/wp-json\/wp\/v2\/types\/page"}],"author":[{"embeddable":true,"href":"https:\/\/www.occident-orient-connection.com\/de\/wp-json\/wp\/v2\/users\/2"}],"replies":[{"embeddable":true,"href":"https:\/\/www.occident-orient-connection.com\/de\/wp-json\/wp\/v2\/comments?post=47"}],"version-history":[{"count":7,"href":"https:\/\/www.occident-orient-connection.com\/de\/wp-json\/wp\/v2\/pages\/47\/revisions"}],"predecessor-version":[{"id":1834,"href":"https:\/\/www.occident-orient-connection.com\/de\/wp-json\/wp\/v2\/pages\/47\/revisions\/1834"}],"up":[{"embeddable":true,"href":"https:\/\/www.occident-orient-connection.com\/de\/wp-json\/wp\/v2\/pages\/1133"}],"wp:attachment":[{"href":"https:\/\/www.occident-orient-connection.com\/de\/wp-json\/wp\/v2\/media?parent=47"}],"curies":[{"name":"wp","href":"https:\/\/api.w.org\/{rel}","templated":true}]}}