{"id":46,"date":"2020-02-28T21:04:12","date_gmt":"2020-02-28T20:04:12","guid":{"rendered":"http:\/\/49.12.1.33\/?page_id=46"},"modified":"2020-04-22T20:35:53","modified_gmt":"2020-04-22T18:35:53","slug":"hotel-cambon","status":"publish","type":"page","link":"https:\/\/www.occident-orient-connection.com\/de\/unsere-partner\/hotel-cambon\/","title":{"rendered":"Hotel Cambon"},"content":{"rendered":"<h1>\n\t\tHotel Cambon\n\t<\/h1>\n\t<p>Paris &#8211; Frankreich<\/p>\n\t<p>Das Hotel Cambon, mit 40 Zimmern und 8 Suiten ist ein kleiner Juwel. Es ist ideal gelegen in der rue Cambon Nr. 3, im Ersten Arrondissement, dem geographischen Mittelpunkt und Herzen von Paris, nur 5 Gehminuten von der Place de la Concorde entfernt zwischen Garnier Oper, Place Vendome, Tuilerien und Louvre, und somit gleicherma\u00dfen interessant gelegen f\u00fcr den internationalen Gesch\u00e4ftsreisenden wie den Weltenbummler. Die Rue Cambon hat Ihren Mythos bewahrt, Inbegriff der Haute Couture zu sein mit dem Hauptsitz von Chanel.<\/p>\n<p>Zeitlose Eleganz gepaart mit franz\u00f6sischem Chic, eine Oase f\u00fcr Kunstliebhaber. Die Sammlung von Gem\u00e4lden Moderner Kunst und besonderen Skulpturen, eine der Leidenschaften der Besitzerin, zieren das Entr\u00e9e und verschiedene Zimmer und machen das Hotel Cambon somit zu einem Geheimtipp und besonderen Ort in der gehobenen Hotellerie.<\/p>\n\t\t<ul>\n\t\t\t\t\t<li>\n\t\t\t\t<p>40 Zimmer \/ Suiten<\/p>\n\t\t\t<\/li>\n\t\t\t\t\t<li>\n\t\t\t\t<p>Buffetfr\u00fchst\u00fcck<\/p>\n\t\t\t<\/li>\n\t\t\t\t\t<li>\n\t\t\t\t<p>Salon Bar<\/p>\n\t\t\t<\/li>\n\t\t\t\t\t<li>\n\t\t\t\t<p>Hunde zugelassen<\/p>\n\t\t\t<\/li>\n\t\t\t\t<\/ul>\n            <form action=\"https:\/\/www.occident-orient-connection.com\/de\/unsere-partner\/hotel-cambon\/\" id=\"contactForm\" method=\"post\">\n                                   <input type=\"textfield\" name=\"contactName\"\n                    placeholder=\"First and last name\"\n                    value=\"\" \/>\n              <!-- date -->\n            <!-- col -->\n                                   <input type=\"textfield\" name=\"email\"\n                    placeholder=\"Email\"\n                    value=\"\" \/>\n              <!-- date -->\n            <!-- col -->\n                                   <input type=\"textfield\" name=\"contactPhone\" placeholder=\"Phone\"\n                    value=\"\" \/>\n              <!-- date -->\n            <!-- col -->\n                  <input data-beatpicker-id=\"beatpicker-0\"\n                      readonly=\"readonly\" placeholder=\"Check in\"\n                      data-beatpicker=\"true\" data-beatpicker-format=\"['MM','DD','YYYY'],separator:'\/'\" type=\"text\"\n                      name=\"contactCheckin\"\n                      value=\"\" \/><button\n                      type=\"button\">Clear<\/button>\n                  <button type=\"button\">Clear<\/button>\n                              <!-- date -->\n            <!-- col -->\n                  <input data-beatpicker-id=\"beatpicker-1\"\n                      readonly=\"readonly\"\n                      placeholder=\"Check out\" data-beatpicker=\"true\"\n                      data-beatpicker-format=\"['MM','DD','YYYY'],separator:'\/'\" type=\"text\"\n                      name=\"contactCheckout\"><button\n                      type=\"button\">Clear<\/button><button type=\"button\"\n                   >Clear<\/button>\n              <!-- date -->\n            <!-- col -->\n          <!-- row -->\n              <select name=\"contactAdults\">\n                <option value=\"0\">Adults<\/option>\n                <option value=\"1\">1<\/option>\n                <option value=\"2\">2<\/option>\n                <option value=\"3\">3<\/option>\n                <option value=\"4\">4<\/option>\n                <option value=\"5\">5<\/option>\n              <\/select>\n            <!-- col -->\n              <select name=\"contactChildren\">\n                <option value=\"0\">Children<\/option>\n                <option value=\"1\">1<\/option>\n                <option value=\"2\">2<\/option>\n                <option value=\"3\">3<\/option>\n                <option value=\"4\">4<\/option>\n                <option value=\"5\">5<\/option>\n              <\/select>\n            <!-- col -->\n          <!-- row -->\n          <input type=\"hidden\" name=\"hotel\" value=\"Hotel Cambon\">\n          <input type=\"submit\"\n              value=\"Send email\">\n          \n          <input type=\"hidden\" name=\"submitted\" id=\"submitted\" value=\"true\" \/>\n        <\/form>\n","protected":false},"excerpt":{"rendered":"<p>Hotel Cambon Paris &#8211; Frankreich Das Hotel Cambon, mit 40 Zimmern und 8 Suiten ist ein kleiner Juwel. Es ist ideal gelegen in der rue Cambon Nr. 3, im Ersten Arrondissement, dem geographischen Mittelpunkt und Herzen von Paris, nur 5 Gehminuten von der Place de la Concorde entfernt zwischen Garnier Oper, Place Vendome, Tuilerien und <a href=\"https:\/\/www.occident-orient-connection.com\/de\/unsere-partner\/hotel-cambon\/\" class=\"more-link\">&#8230;<\/a><\/p>\n","protected":false},"author":2,"featured_media":0,"parent":1133,"menu_order":35,"comment_status":"closed","ping_status":"closed","template":"","meta":[],"_links":{"self":[{"href":"https:\/\/www.occident-orient-connection.com\/de\/wp-json\/wp\/v2\/pages\/46"}],"collection":[{"href":"https:\/\/www.occident-orient-connection.com\/de\/wp-json\/wp\/v2\/pages"}],"about":[{"href":"https:\/\/www.occident-orient-connection.com\/de\/wp-json\/wp\/v2\/types\/page"}],"author":[{"embeddable":true,"href":"https:\/\/www.occident-orient-connection.com\/de\/wp-json\/wp\/v2\/users\/2"}],"replies":[{"embeddable":true,"href":"https:\/\/www.occident-orient-connection.com\/de\/wp-json\/wp\/v2\/comments?post=46"}],"version-history":[{"count":6,"href":"https:\/\/www.occident-orient-connection.com\/de\/wp-json\/wp\/v2\/pages\/46\/revisions"}],"predecessor-version":[{"id":1835,"href":"https:\/\/www.occident-orient-connection.com\/de\/wp-json\/wp\/v2\/pages\/46\/revisions\/1835"}],"up":[{"embeddable":true,"href":"https:\/\/www.occident-orient-connection.com\/de\/wp-json\/wp\/v2\/pages\/1133"}],"wp:attachment":[{"href":"https:\/\/www.occident-orient-connection.com\/de\/wp-json\/wp\/v2\/media?parent=46"}],"curies":[{"name":"wp","href":"https:\/\/api.w.org\/{rel}","templated":true}]}}