{"id":45,"date":"2020-02-28T21:04:25","date_gmt":"2020-02-28T20:04:25","guid":{"rendered":"http:\/\/49.12.1.33\/?page_id=45"},"modified":"2022-03-25T15:23:07","modified_gmt":"2022-03-25T14:23:07","slug":"hotel-yllen","status":"publish","type":"page","link":"https:\/\/www.occident-orient-connection.com\/de\/unsere-partner\/hotel-yllen\/","title":{"rendered":"Hotel Yllen"},"content":{"rendered":"\n<h1>\n\t\tHotel Yllen\n\t<\/h1>\n\t<p>PARIS &#8211; FRANKREICH<\/p>\n\t<p>Das Hotel Yllen mit seiner neoklassizistischen Architektur liegt sehr gut erreichbar zwischen Montparnasse, Eiffelturm und dem bekannten internationalen Messegel\u00e4nde Porte de Versailles, unweit vom Invalidendom und dem Institut Pasteur. Es vermittelt Charme und modernen Komfort in 38 Zimmern und einer Junior Suite, sowie 2 behinderten R\u00e4umen. Das Hotel wurde k\u00fcrzlich g\u00e4nzlich renoviert und den technischen Neuheiten angepasst.<\/p>\n<p>Direkt gegen\u00fcber befindet sich die Metrostation Volontaires (Linie 12) mit Direktverbindung zur Place de la Concorde. Auch ein \u00f6ffentliches Parkhaus ist nur 200m vom Hotel entfernt. Folgende Serviceleistungen bietet dieses Hotel: 24h Rezeption, Pagenservice, freies Internet und I-Pad auf Anfrage, Etagenservice in den Abendstunden.<\/p>\n\t\t<ul>\n\t\t\t\t\t<li>\n\t\t\t\t<p>38 Zimmer \/ Suiten<\/p>\n\t\t\t<\/li>\n\t\t\t\t\t<li>\n\t\t\t\t<p>Buffetfr\u00fchst\u00fcck<\/p>\n\t\t\t<\/li>\n\t\t\t\t\t<li>\n\t\t\t\t<p>Salon Bar<\/p>\n\t\t\t<\/li>\n\t\t\t\t\t<li>\n\t\t\t\t<p>Hunde zugelassen<\/p>\n\t\t\t<\/li>\n\t\t\t\t<\/ul>\n  <br \/><br \/><br \/>\n  <style>\n  .error {\n    color: red;\n  }\n  <\/style>\n                <form action=\"https:\/\/www.occident-orient-connection.com\/de\/unsere-partner\/hotel-yllen\/\" id=\"contactForm\" method=\"post\">\n                                       <input type=\"textfield\" name=\"contactName\"\n                      placeholder=\"Vor- und Nachname\"\n                      value=\"\" \/>\n                <!-- date -->\n              <!-- col -->\n                                       <input type=\"textfield\" name=\"email\"\n                      placeholder=\"E-Mail\"\n                      value=\"\" \/>\n                <!-- date -->\n              <!-- col -->\n                                       <input type=\"textfield\" name=\"contactPhone\" placeholder=\"Telefon\"\n                      value=\"\" \/>\n                <!-- date -->\n              <!-- col -->\n                    <input data-beatpicker-id=\"beatpicker-0\"\n                        readonly=\"readonly\" placeholder=\"Check in\"\n                        data-beatpicker=\"true\" data-beatpicker-format=\"['MM','DD','YYYY'],separator:'\/'\" type=\"text\"\n                        name=\"contactCheckin\"\n                        value=\"\" \/><button\n                        type=\"button\">Clear<\/button>\n                    <button type=\"button\">Clear<\/button>\n                                  <!-- date -->\n              <!-- col -->\n                    <input data-beatpicker-id=\"beatpicker-1\"\n                        readonly=\"readonly\"\n                        placeholder=\"Check out\" data-beatpicker=\"true\"\n                        data-beatpicker-format=\"['MM','DD','YYYY'],separator:'\/'\" type=\"text\"\n                        name=\"contactCheckout\"\/><button\n                        type=\"button\">Clear<\/button><button type=\"button\">Clear<\/button>\n                <!-- date -->\n              <!-- col -->\n            <!-- row -->\n                <select name=\"contactAdults\">\n                  <option value=\"0\">Erwachsene<\/option>\n                  <option value=\"1\">1<\/option>\n                  <option value=\"2\">2<\/option>\n                  <option value=\"3\">3<\/option>\n                  <option value=\"4\">4<\/option>\n                  <option value=\"5\">5<\/option>\n                <\/select>\n              <!-- col -->\n                <select name=\"contactChildren\">\n                  <option value=\"0\">Kinder<\/option>\n                  <option value=\"1\">1<\/option>\n                  <option value=\"2\">2<\/option>\n                  <option value=\"3\">3<\/option>\n                  <option value=\"4\">4<\/option>\n                  <option value=\"5\">5<\/option>\n                <\/select>\n              <!-- col -->\n            <!-- row -->\n            <input type=\"hidden\" name=\"hotel\" value=\"Hotel Yllen\"\/>\n            <input type=\"submit\"\n                value=\"E-Mail abschicken\"\/>\n            \n            <input type=\"hidden\" name=\"submitted\" id=\"submitted\" value=\"true\" \/>\n          <\/form>\n  \n","protected":false},"excerpt":{"rendered":"<p>Hotel Yllen PARIS &#8211; FRANKREICH Das Hotel Yllen mit seiner neoklassizistischen Architektur liegt sehr gut erreichbar zwischen Montparnasse, Eiffelturm und dem bekannten internationalen Messegel\u00e4nde Porte de Versailles, unweit vom Invalidendom und dem Institut Pasteur. Es vermittelt Charme und modernen Komfort in 38 Zimmern und einer Junior Suite, sowie 2 behinderten R\u00e4umen. Das Hotel wurde k\u00fcrzlich <a href=\"https:\/\/www.occident-orient-connection.com\/de\/unsere-partner\/hotel-yllen\/\" class=\"more-link\">&#8230;<\/a><\/p>\n","protected":false},"author":2,"featured_media":0,"parent":1133,"menu_order":40,"comment_status":"closed","ping_status":"closed","template":"","meta":[],"_links":{"self":[{"href":"https:\/\/www.occident-orient-connection.com\/de\/wp-json\/wp\/v2\/pages\/45"}],"collection":[{"href":"https:\/\/www.occident-orient-connection.com\/de\/wp-json\/wp\/v2\/pages"}],"about":[{"href":"https:\/\/www.occident-orient-connection.com\/de\/wp-json\/wp\/v2\/types\/page"}],"author":[{"embeddable":true,"href":"https:\/\/www.occident-orient-connection.com\/de\/wp-json\/wp\/v2\/users\/2"}],"replies":[{"embeddable":true,"href":"https:\/\/www.occident-orient-connection.com\/de\/wp-json\/wp\/v2\/comments?post=45"}],"version-history":[{"count":11,"href":"https:\/\/www.occident-orient-connection.com\/de\/wp-json\/wp\/v2\/pages\/45\/revisions"}],"predecessor-version":[{"id":1933,"href":"https:\/\/www.occident-orient-connection.com\/de\/wp-json\/wp\/v2\/pages\/45\/revisions\/1933"}],"up":[{"embeddable":true,"href":"https:\/\/www.occident-orient-connection.com\/de\/wp-json\/wp\/v2\/pages\/1133"}],"wp:attachment":[{"href":"https:\/\/www.occident-orient-connection.com\/de\/wp-json\/wp\/v2\/media?parent=45"}],"curies":[{"name":"wp","href":"https:\/\/api.w.org\/{rel}","templated":true}]}}