{"id":44,"date":"2020-02-28T21:04:39","date_gmt":"2020-02-28T20:04:39","guid":{"rendered":"http:\/\/49.12.1.33\/?page_id=44"},"modified":"2020-04-22T20:35:54","modified_gmt":"2020-04-22T18:35:54","slug":"hotel-skeppsholmen","status":"publish","type":"page","link":"https:\/\/www.occident-orient-connection.com\/de\/unsere-partner\/hotel-skeppsholmen\/","title":{"rendered":"Hotel Skeppsholmen"},"content":{"rendered":"<h1>\n\t\tHotel Skeppsholmen\n\t<\/h1>\n\t<p>Stockholm &#8211; Schweden<\/p>\n\t<p>Diese Stadtoase ist auf der kleinen gr\u00fcnen Insel Skeppsholmen gelegen, die durch eine Br\u00fccke mit der Stadt verbunden ist, unweit der Altstadt. Das traditionsreiche Hotel hat seine Einrichtungen in zwei l\u00e4nglichen Geb\u00e4uden aus dem Jahr 1699 untergebracht, damals als die als die &#8222;Lange Reihe&#8220; f\u00fcr die K\u00f6niglich Schwedische Marineinfanterie erbaut. Das denkmalgesch\u00fctzte Hotel Skeppsholmen liegt direkt neben dem Museum f\u00fcr moderne Kunst, dem schwedischen Architekturmuseum und dem Museum f\u00fcr fern\u00f6stliche Antiquit\u00e4ten in unmittelbarer N\u00e4he des Wassers, wo viele antike Schiffe und Restaurants das Ufer s\u00e4umen.<\/p>\n\t\t<ul>\n\t\t\t\t\t<li>\n\t\t\t\t<p>81 Zimmer \/ Suiten<\/p>\n\t\t\t<\/li>\n\t\t\t\t\t<li>\n\t\t\t\t<p>1 Gourmet-Restaurant mit Gartenterrasse<\/p>\n\t\t\t<\/li>\n\t\t\t\t<\/ul>\n\t\t<ul>\n\t\t\t\t\t<li>\n\t\t\t\t<p>1 Salon Bar <\/p>\n\t\t\t<\/li>\n\t\t\t\t\t<li>\n\t\t\t\t<p>Konferenzr\u00e4ume<\/p>\n\t\t\t<\/li>\n\t\t\t\t<\/ul>\n\t<p>Heute ist das durch und durch von der schwedischen Geschichte gepr\u00e4gte Hotel Skeppsholmen ein Ort, an dem das Beste des Schwedens von heute zusammengetragen wurde: moderne und kreative K\u00fcche mit einer Mischung aus traditionellen Gerichten und neuen nordischen Aromen, zeitgen\u00f6ssisches schwedisches Design, Kunst, Mode und Musik. Das von dem Designer-Architektenteam Claesson Koivisto Rune f\u00fcr das Hotel und seine Einrichtungen ausgew\u00e4hlte k\u00fcnstlerische Thema lautet &#8222;Nebel&#8220;. Dieses Wort beschreibt sehr treffend das sanfte Farbschema des Hotels und die zauberhafte Lage am Wasser, besondere Atmosph\u00e4re, die auch zum Verweilen im wundersch\u00f6nen Hotelgarten einl\u00e4dt.<\/p>\n<p>81 Zimmer und Suiten mit Veranstaltungsr\u00e4umen, eine Lounge und Bar sowie ein Gourmet Restaurant z\u00e4hlen zu den Hoteleinrichtungen. Eine weitere historische R\u00e4umlichkeit, dem Hotel zugeh\u00f6rig, befindet sich im angrenzenden Skridskopaviljongen, dem damaligen Eislaufpavillon, der im Jahre 1882 vom Royal Skating Club und Royal Swedish Yacht Club erbaut wurde.<\/p>\n            <form action=\"https:\/\/www.occident-orient-connection.com\/de\/unsere-partner\/hotel-skeppsholmen\/\" id=\"contactForm\" method=\"post\">\n                                   <input type=\"textfield\" name=\"contactName\"\n                    placeholder=\"First and last name\"\n                    value=\"\" \/>\n              <!-- date -->\n            <!-- col -->\n                                   <input type=\"textfield\" name=\"email\"\n                    placeholder=\"Email\"\n                    value=\"\" \/>\n              <!-- date -->\n            <!-- col -->\n                                   <input type=\"textfield\" name=\"contactPhone\" placeholder=\"Phone\"\n                    value=\"\" \/>\n              <!-- date -->\n            <!-- col -->\n                  <input data-beatpicker-id=\"beatpicker-0\"\n                      readonly=\"readonly\" placeholder=\"Check in\"\n                      data-beatpicker=\"true\" data-beatpicker-format=\"['MM','DD','YYYY'],separator:'\/'\" type=\"text\"\n                      name=\"contactCheckin\"\n                      value=\"\" \/><button\n                      type=\"button\">Clear<\/button>\n                  <button type=\"button\">Clear<\/button>\n                              <!-- date -->\n            <!-- col -->\n                  <input data-beatpicker-id=\"beatpicker-1\"\n                      readonly=\"readonly\"\n                      placeholder=\"Check out\" data-beatpicker=\"true\"\n                      data-beatpicker-format=\"['MM','DD','YYYY'],separator:'\/'\" type=\"text\"\n                      name=\"contactCheckout\"><button\n                      type=\"button\">Clear<\/button><button type=\"button\"\n                   >Clear<\/button>\n              <!-- date -->\n            <!-- col -->\n          <!-- row -->\n              <select name=\"contactAdults\">\n                <option value=\"0\">Adults<\/option>\n                <option value=\"1\">1<\/option>\n                <option value=\"2\">2<\/option>\n                <option value=\"3\">3<\/option>\n                <option value=\"4\">4<\/option>\n                <option value=\"5\">5<\/option>\n              <\/select>\n            <!-- col -->\n              <select name=\"contactChildren\">\n                <option value=\"0\">Children<\/option>\n                <option value=\"1\">1<\/option>\n                <option value=\"2\">2<\/option>\n                <option value=\"3\">3<\/option>\n                <option value=\"4\">4<\/option>\n                <option value=\"5\">5<\/option>\n              <\/select>\n            <!-- col -->\n          <!-- row -->\n          <input type=\"hidden\" name=\"hotel\" value=\"Hotel Skeppsholmen\">\n          <input type=\"submit\"\n              value=\"Send email\">\n          \n          <input type=\"hidden\" name=\"submitted\" id=\"submitted\" value=\"true\" \/>\n        <\/form>\n","protected":false},"excerpt":{"rendered":"<p>Hotel Skeppsholmen Stockholm &#8211; Schweden Diese Stadtoase ist auf der kleinen gr\u00fcnen Insel Skeppsholmen gelegen, die durch eine Br\u00fccke mit der Stadt verbunden ist, unweit der Altstadt. Das traditionsreiche Hotel hat seine Einrichtungen in zwei l\u00e4nglichen Geb\u00e4uden aus dem Jahr 1699 untergebracht, damals als die als die &#8222;Lange Reihe&#8220; f\u00fcr die K\u00f6niglich Schwedische Marineinfanterie erbaut. <a href=\"https:\/\/www.occident-orient-connection.com\/de\/unsere-partner\/hotel-skeppsholmen\/\" class=\"more-link\">&#8230;<\/a><\/p>\n","protected":false},"author":2,"featured_media":0,"parent":1133,"menu_order":45,"comment_status":"closed","ping_status":"closed","template":"","meta":[],"_links":{"self":[{"href":"https:\/\/www.occident-orient-connection.com\/de\/wp-json\/wp\/v2\/pages\/44"}],"collection":[{"href":"https:\/\/www.occident-orient-connection.com\/de\/wp-json\/wp\/v2\/pages"}],"about":[{"href":"https:\/\/www.occident-orient-connection.com\/de\/wp-json\/wp\/v2\/types\/page"}],"author":[{"embeddable":true,"href":"https:\/\/www.occident-orient-connection.com\/de\/wp-json\/wp\/v2\/users\/2"}],"replies":[{"embeddable":true,"href":"https:\/\/www.occident-orient-connection.com\/de\/wp-json\/wp\/v2\/comments?post=44"}],"version-history":[{"count":6,"href":"https:\/\/www.occident-orient-connection.com\/de\/wp-json\/wp\/v2\/pages\/44\/revisions"}],"predecessor-version":[{"id":1837,"href":"https:\/\/www.occident-orient-connection.com\/de\/wp-json\/wp\/v2\/pages\/44\/revisions\/1837"}],"up":[{"embeddable":true,"href":"https:\/\/www.occident-orient-connection.com\/de\/wp-json\/wp\/v2\/pages\/1133"}],"wp:attachment":[{"href":"https:\/\/www.occident-orient-connection.com\/de\/wp-json\/wp\/v2\/media?parent=44"}],"curies":[{"name":"wp","href":"https:\/\/api.w.org\/{rel}","templated":true}]}}