{"id":43,"date":"2020-02-28T21:04:51","date_gmt":"2020-02-28T20:04:51","guid":{"rendered":"http:\/\/49.12.1.33\/?page_id=43"},"modified":"2020-04-22T20:35:54","modified_gmt":"2020-04-22T18:35:54","slug":"hellenic-zeus","status":"publish","type":"page","link":"https:\/\/www.occident-orient-connection.com\/de\/unsere-partner\/hellenic-zeus\/","title":{"rendered":"Hellenic Zeus"},"content":{"rendered":"<h1>\n\t\tHellenic Zeus\n\t<\/h1>\n\t<p>Heraklion &#8211; Kreta<\/p>\n<p>Einst unter dem Namen Zeus 1966 gegr\u00fcndet, z\u00e4hlt Hellenic Zeus heute zu den \u00e4ltesten Reiseunternehmen auf Kreta. Das Familienunternehmen hat sich mit den Jahren zu einer gro\u00dfen Agentur entwickelt und vertritt auch f\u00fchrende internationale Reiseveranstalter.<\/p>\n<p>Mit seiner 50 j\u00e4hrigen Erfahrung, 80 Mitarbeitern, 5 Niederlassungen auf Kreta sowie weiteren B\u00fcros im griechischen Raum hat das familiengef\u00fchrte Unternehmen dennoch seine Authentizit\u00e4t im Angebot seiner Serviceleistungen bewahren k\u00f6nnen.<\/p>\n            <form action=\"https:\/\/www.occident-orient-connection.com\/de\/unsere-partner\/hellenic-zeus\/\" id=\"contactForm\" method=\"post\">\n                                   <input type=\"textfield\" name=\"contactName\"\n                    placeholder=\"First and last name\"\n                    value=\"\" \/>\n              <!-- date -->\n            <!-- col -->\n                                   <input type=\"textfield\" name=\"email\"\n                    placeholder=\"Email\"\n                    value=\"\" \/>\n              <!-- date -->\n            <!-- col -->\n                                   <input type=\"textfield\" name=\"contactPhone\" placeholder=\"Phone\"\n                    value=\"\" \/>\n              <!-- date -->\n            <!-- col -->\n                  <input data-beatpicker-id=\"beatpicker-0\"\n                      readonly=\"readonly\" placeholder=\"Check in\"\n                      data-beatpicker=\"true\" data-beatpicker-format=\"['MM','DD','YYYY'],separator:'\/'\" type=\"text\"\n                      name=\"contactCheckin\"\n                      value=\"\" \/><button\n                      type=\"button\">Clear<\/button>\n                  <button type=\"button\">Clear<\/button>\n                              <!-- date -->\n            <!-- col -->\n                  <input data-beatpicker-id=\"beatpicker-1\"\n                      readonly=\"readonly\"\n                      placeholder=\"Check out\" data-beatpicker=\"true\"\n                      data-beatpicker-format=\"['MM','DD','YYYY'],separator:'\/'\" type=\"text\"\n                      name=\"contactCheckout\"><button\n                      type=\"button\">Clear<\/button><button type=\"button\"\n                   >Clear<\/button>\n              <!-- date -->\n            <!-- col -->\n          <!-- row -->\n              <select name=\"contactAdults\">\n                <option value=\"0\">Adults<\/option>\n                <option value=\"1\">1<\/option>\n                <option value=\"2\">2<\/option>\n                <option value=\"3\">3<\/option>\n                <option value=\"4\">4<\/option>\n                <option value=\"5\">5<\/option>\n              <\/select>\n            <!-- col -->\n              <select name=\"contactChildren\">\n                <option value=\"0\">Children<\/option>\n                <option value=\"1\">1<\/option>\n                <option value=\"2\">2<\/option>\n                <option value=\"3\">3<\/option>\n                <option value=\"4\">4<\/option>\n                <option value=\"5\">5<\/option>\n              <\/select>\n            <!-- col -->\n          <!-- row -->\n          <input type=\"hidden\" name=\"hotel\" value=\"Hellenic Zeus\">\n          <input type=\"submit\"\n              value=\"Send email\">\n          \n          <input type=\"hidden\" name=\"submitted\" id=\"submitted\" value=\"true\" \/>\n        <\/form>\n","protected":false},"excerpt":{"rendered":"<p>Hellenic Zeus Heraklion &#8211; Kreta Einst unter dem Namen Zeus 1966 gegr\u00fcndet, z\u00e4hlt Hellenic Zeus heute zu den \u00e4ltesten Reiseunternehmen auf Kreta. Das Familienunternehmen hat sich mit den Jahren zu einer gro\u00dfen Agentur entwickelt und vertritt auch f\u00fchrende internationale Reiseveranstalter. Mit seiner 50 j\u00e4hrigen Erfahrung, 80 Mitarbeitern, 5 Niederlassungen auf Kreta sowie weiteren B\u00fcros im <a href=\"https:\/\/www.occident-orient-connection.com\/de\/unsere-partner\/hellenic-zeus\/\" class=\"more-link\">&#8230;<\/a><\/p>\n","protected":false},"author":2,"featured_media":0,"parent":1133,"menu_order":50,"comment_status":"closed","ping_status":"closed","template":"","meta":[],"_links":{"self":[{"href":"https:\/\/www.occident-orient-connection.com\/de\/wp-json\/wp\/v2\/pages\/43"}],"collection":[{"href":"https:\/\/www.occident-orient-connection.com\/de\/wp-json\/wp\/v2\/pages"}],"about":[{"href":"https:\/\/www.occident-orient-connection.com\/de\/wp-json\/wp\/v2\/types\/page"}],"author":[{"embeddable":true,"href":"https:\/\/www.occident-orient-connection.com\/de\/wp-json\/wp\/v2\/users\/2"}],"replies":[{"embeddable":true,"href":"https:\/\/www.occident-orient-connection.com\/de\/wp-json\/wp\/v2\/comments?post=43"}],"version-history":[{"count":6,"href":"https:\/\/www.occident-orient-connection.com\/de\/wp-json\/wp\/v2\/pages\/43\/revisions"}],"predecessor-version":[{"id":1838,"href":"https:\/\/www.occident-orient-connection.com\/de\/wp-json\/wp\/v2\/pages\/43\/revisions\/1838"}],"up":[{"embeddable":true,"href":"https:\/\/www.occident-orient-connection.com\/de\/wp-json\/wp\/v2\/pages\/1133"}],"wp:attachment":[{"href":"https:\/\/www.occident-orient-connection.com\/de\/wp-json\/wp\/v2\/media?parent=43"}],"curies":[{"name":"wp","href":"https:\/\/api.w.org\/{rel}","templated":true}]}}