{"id":42,"date":"2020-02-28T21:05:02","date_gmt":"2020-02-28T20:05:02","guid":{"rendered":"http:\/\/49.12.1.33\/?page_id=42"},"modified":"2020-04-22T20:35:54","modified_gmt":"2020-04-22T18:35:54","slug":"salamis-tours","status":"publish","type":"page","link":"https:\/\/www.occident-orient-connection.com\/de\/unsere-partner\/salamis-tours\/","title":{"rendered":"Salamis Tours"},"content":{"rendered":"<h1>\n\t\tSalamis Tours\n\t<\/h1>\n\t<p>Limassol &#8211; Zypern<\/p>\n<p>Willkommen bei <strong>Salamis Tours<\/strong>. Willkommen auf Zypern! 1959 von Herrn Vassos Hadjitheodossiou als kleines Zollabfertigungs- und Reiseb\u00fcro in Famagusta gegr\u00fcndet, hat sich Salamis Tours im Laufe der Jahre zu einem erfolgreichen Unternehmen auf Zypern entwickelt. Salamis Tours bietet mit vielen Gesch\u00e4ftsstellen auf Zypern und Griechenland eine breite Palette an Dienstleistungen im Tourismus und der Schifffahrt an.<\/p>\n<p>Das Jahr 1998 pr\u00e4gte eine neue \u00c4ra als die Firma zu einer Aktiengesellschaft umgewandelt wurde und an die B\u00f6rse ging.<\/p>\n<p>Die heutigen Dienstleistungen von Salamis Tours umfassen die Organisation von Individualreisen, Tagungen, Incentive- und Gruppenreisen, Studienfahrten, Pilgerreisen und Kreuzfahrten.<\/p>\n            <form action=\"https:\/\/www.occident-orient-connection.com\/de\/unsere-partner\/salamis-tours\/\" id=\"contactForm\" method=\"post\">\n                                   <input type=\"textfield\" name=\"contactName\"\n                    placeholder=\"First and last name\"\n                    value=\"\" \/>\n              <!-- date -->\n            <!-- col -->\n                                   <input type=\"textfield\" name=\"email\"\n                    placeholder=\"Email\"\n                    value=\"\" \/>\n              <!-- date -->\n            <!-- col -->\n                                   <input type=\"textfield\" name=\"contactPhone\" placeholder=\"Phone\"\n                    value=\"\" \/>\n              <!-- date -->\n            <!-- col -->\n                  <input data-beatpicker-id=\"beatpicker-0\"\n                      readonly=\"readonly\" placeholder=\"Check in\"\n                      data-beatpicker=\"true\" data-beatpicker-format=\"['MM','DD','YYYY'],separator:'\/'\" type=\"text\"\n                      name=\"contactCheckin\"\n                      value=\"\" \/><button\n                      type=\"button\">Clear<\/button>\n                  <button type=\"button\">Clear<\/button>\n                              <!-- date -->\n            <!-- col -->\n                  <input data-beatpicker-id=\"beatpicker-1\"\n                      readonly=\"readonly\"\n                      placeholder=\"Check out\" data-beatpicker=\"true\"\n                      data-beatpicker-format=\"['MM','DD','YYYY'],separator:'\/'\" type=\"text\"\n                      name=\"contactCheckout\"><button\n                      type=\"button\">Clear<\/button><button type=\"button\"\n                   >Clear<\/button>\n              <!-- date -->\n            <!-- col -->\n          <!-- row -->\n              <select name=\"contactAdults\">\n                <option value=\"0\">Adults<\/option>\n                <option value=\"1\">1<\/option>\n                <option value=\"2\">2<\/option>\n                <option value=\"3\">3<\/option>\n                <option value=\"4\">4<\/option>\n                <option value=\"5\">5<\/option>\n              <\/select>\n            <!-- col -->\n              <select name=\"contactChildren\">\n                <option value=\"0\">Children<\/option>\n                <option value=\"1\">1<\/option>\n                <option value=\"2\">2<\/option>\n                <option value=\"3\">3<\/option>\n                <option value=\"4\">4<\/option>\n                <option value=\"5\">5<\/option>\n              <\/select>\n            <!-- col -->\n          <!-- row -->\n          <input type=\"hidden\" name=\"hotel\" value=\"Salamis Tours\">\n          <input type=\"submit\"\n              value=\"Send email\">\n          \n          <input type=\"hidden\" name=\"submitted\" id=\"submitted\" value=\"true\" \/>\n        <\/form>\n","protected":false},"excerpt":{"rendered":"<p>Salamis Tours Limassol &#8211; Zypern Willkommen bei Salamis Tours. Willkommen auf Zypern! 1959 von Herrn Vassos Hadjitheodossiou als kleines Zollabfertigungs- und Reiseb\u00fcro in Famagusta gegr\u00fcndet, hat sich Salamis Tours im Laufe der Jahre zu einem erfolgreichen Unternehmen auf Zypern entwickelt. Salamis Tours bietet mit vielen Gesch\u00e4ftsstellen auf Zypern und Griechenland eine breite Palette an Dienstleistungen <a href=\"https:\/\/www.occident-orient-connection.com\/de\/unsere-partner\/salamis-tours\/\" class=\"more-link\">&#8230;<\/a><\/p>\n","protected":false},"author":2,"featured_media":0,"parent":1133,"menu_order":55,"comment_status":"closed","ping_status":"closed","template":"","meta":[],"_links":{"self":[{"href":"https:\/\/www.occident-orient-connection.com\/de\/wp-json\/wp\/v2\/pages\/42"}],"collection":[{"href":"https:\/\/www.occident-orient-connection.com\/de\/wp-json\/wp\/v2\/pages"}],"about":[{"href":"https:\/\/www.occident-orient-connection.com\/de\/wp-json\/wp\/v2\/types\/page"}],"author":[{"embeddable":true,"href":"https:\/\/www.occident-orient-connection.com\/de\/wp-json\/wp\/v2\/users\/2"}],"replies":[{"embeddable":true,"href":"https:\/\/www.occident-orient-connection.com\/de\/wp-json\/wp\/v2\/comments?post=42"}],"version-history":[{"count":6,"href":"https:\/\/www.occident-orient-connection.com\/de\/wp-json\/wp\/v2\/pages\/42\/revisions"}],"predecessor-version":[{"id":1839,"href":"https:\/\/www.occident-orient-connection.com\/de\/wp-json\/wp\/v2\/pages\/42\/revisions\/1839"}],"up":[{"embeddable":true,"href":"https:\/\/www.occident-orient-connection.com\/de\/wp-json\/wp\/v2\/pages\/1133"}],"wp:attachment":[{"href":"https:\/\/www.occident-orient-connection.com\/de\/wp-json\/wp\/v2\/media?parent=42"}],"curies":[{"name":"wp","href":"https:\/\/api.w.org\/{rel}","templated":true}]}}