{"id":29,"date":"2020-02-28T20:57:07","date_gmt":"2020-02-28T19:57:07","guid":{"rendered":"http:\/\/49.12.1.33\/?page_id=29"},"modified":"2020-04-22T20:35:51","modified_gmt":"2020-04-22T18:35:51","slug":"firmenprofil","status":"publish","type":"page","link":"https:\/\/www.occident-orient-connection.com\/de\/firmenprofil\/","title":{"rendered":"Firmenprofil"},"content":{"rendered":"<h1>\n\t\tFirmenprofil\n\t<\/h1>\n<h2>\n\t\tWer wir sind?\n\t<\/h2>\n                <ul>\n                  <li>\n                    <h4>Team<\/h4>\n                  <\/li>\n                <\/ul>\n\t\t\t\t<img loading=\"lazy\" src=\"https:\/\/www.occident-orient-connection.com\/wp-content\/uploads\/XDP7ltv5i1_cjunius_-300x265.jpg\" alt=\"Cordula Junius\" itemprop=\"image\" height=\"265\" width=\"300\" title=\"Cordula Junius\" onerror=\"this.style.display='none'\"  \/>\n\t<p>Cordula Junius, Firmengr\u00fcnderin, Gesellschafterin sowie Gesch\u00e4ftsf\u00fchrerin verf\u00fcgt \u00fcber 40 Jahre Erfahrung in der internationalen Hotellerie und Touristik, in der sie in f\u00fchrenden Positionen gewirkt hat. Ihre fachspezifische Kenntnis als Hotelkauffrau erstreckt sich auf Luxusreisen und andere Kundensegmente des Hotel &#8211; und Reisegesch\u00e4fts. In ihrem Heimatmarkt, dem deutschsprachigen und europ\u00e4ischen Raum, vertritt Cordula Junius f\u00fchrende ausl\u00e4ndische Luxushotels und Luxusmarken f\u00fcr die Konzeption und Vermarktung von einzigartigen Reisen.<\/p>\n\t\t\t\t<img loading=\"lazy\" src=\"https:\/\/www.occident-orient-connection.com\/wp-content\/uploads\/q7LjZ3CyMc_co2rzpfwcl_2013_05_13_10h07m28_markos_hochzeit__-300x265.jpg\" alt=\"Hrvoje Roncevic\" itemprop=\"image\" height=\"265\" width=\"300\" title=\"Hrvoje Roncevic\" onerror=\"this.style.display='none'\"  \/>\n\t<p>Hrvoje Roncevic, weiterer Gesch\u00e4ftsf\u00fchrer bringt seine langj\u00e4hrige Fachkompetenz aus der internationalen Touristik ein, die er schwerpunktm\u00e4\u00dfig durch die Entwicklung und den touristischen Aufbau mediterraner und osteurop\u00e4ischer M\u00e4rkte in leitender Funktion f\u00fcr f\u00fchrende internationale Reiseveranstalter und Hotelgesellschaften erworben hat.<\/p>\n\t<p>Unsere Sprachkenntnisse erm\u00f6glichen eine internationale Beratung und Betreuung in Deutsch, Englisch, Franz\u00f6sisch, Spanisch, Italienisch, sowie Kroatisch, Russisch und verschiedenen anderen osteurop\u00e4ischen Sprachen.<\/p>\n<p>Wir freuen uns auf Ihre Kontaktaufnahme mit uns!<\/p>\nHerzlichst<br \/>\nIhre\n<p>Cordula Junius und Hrvoje Roncevic<\/p>\n","protected":false},"excerpt":{"rendered":"<p>Firmenprofil Wer wir sind? Team Cordula Junius, Firmengr\u00fcnderin, Gesellschafterin sowie Gesch\u00e4ftsf\u00fchrerin verf\u00fcgt \u00fcber 40 Jahre Erfahrung in der internationalen Hotellerie und Touristik, in der sie in f\u00fchrenden Positionen gewirkt hat. Ihre fachspezifische Kenntnis als Hotelkauffrau erstreckt sich auf Luxusreisen und andere Kundensegmente des Hotel &#8211; und Reisegesch\u00e4fts. In ihrem Heimatmarkt, dem deutschsprachigen und europ\u00e4ischen Raum, <a href=\"https:\/\/www.occident-orient-connection.com\/de\/firmenprofil\/\" class=\"more-link\">&#8230;<\/a><\/p>\n","protected":false},"author":2,"featured_media":0,"parent":0,"menu_order":1,"comment_status":"closed","ping_status":"closed","template":"","meta":[],"_links":{"self":[{"href":"https:\/\/www.occident-orient-connection.com\/de\/wp-json\/wp\/v2\/pages\/29"}],"collection":[{"href":"https:\/\/www.occident-orient-connection.com\/de\/wp-json\/wp\/v2\/pages"}],"about":[{"href":"https:\/\/www.occident-orient-connection.com\/de\/wp-json\/wp\/v2\/types\/page"}],"author":[{"embeddable":true,"href":"https:\/\/www.occident-orient-connection.com\/de\/wp-json\/wp\/v2\/users\/2"}],"replies":[{"embeddable":true,"href":"https:\/\/www.occident-orient-connection.com\/de\/wp-json\/wp\/v2\/comments?post=29"}],"version-history":[{"count":6,"href":"https:\/\/www.occident-orient-connection.com\/de\/wp-json\/wp\/v2\/pages\/29\/revisions"}],"predecessor-version":[{"id":515,"href":"https:\/\/www.occident-orient-connection.com\/de\/wp-json\/wp\/v2\/pages\/29\/revisions\/515"}],"wp:attachment":[{"href":"https:\/\/www.occident-orient-connection.com\/de\/wp-json\/wp\/v2\/media?parent=29"}],"curies":[{"name":"wp","href":"https:\/\/api.w.org\/{rel}","templated":true}]}}