{"id":1133,"date":"2020-03-07T05:12:53","date_gmt":"2020-03-07T04:12:53","guid":{"rendered":"http:\/\/49.12.1.33\/?page_id=1133"},"modified":"2020-04-22T20:35:52","modified_gmt":"2020-04-22T18:35:52","slug":"unsere-partner","status":"publish","type":"page","link":"https:\/\/www.occident-orient-connection.com\/de\/unsere-partner\/","title":{"rendered":"Unsere Partner"},"content":{"rendered":"<h1>\n\t\tUnsere Partner\n\t<\/h1>\n\t<p>Die vorgestellten Partner Hotels geben Ihnen einen Einblick in unsere pers\u00f6nliche Auswahl. Wir empfehlen Ihnen damit einige der au\u00dfergew\u00f6hnlichsten privat gef\u00fchrten Hotels an Orten und in St\u00e4dten, zu denen wir oft reisen: authentischer Service als Spiegelbild von zeitloser Eleganz und Luxus an traumhaften Orten, die Ihre Sinne inspirieren.<\/p>\n\t\t\t\t\t\t\t\t\t\t<img src=\"https:\/\/www.occident-orient-connection.com\/wp-content\/uploads\/Esplanade-Zagreb-Hotel.jpg\" alt=\"\">\n\t\t\t\t\t\t\t\t\t<!-- image-box-thumbnail -->\n\t\t\t\t\t\t\t\t\t<h6>ZAGREB<\/h6>\n\t\t\t\t\t\t\t\t\t<h4>Esplanade Zagreb Hotel<\/h4>\n\t\t\t\t\t\t\t\t\t<a href=\"\/de\/unsere-partner\/esplanade-zagreb-hotel\/\">mehr erfahren<\/a>\n                <!-- image-box -->\t\t\t\t\t\t\t\t\n\t\t\t\t\t\t\t\t\t\t<img src=\"https:\/\/www.occident-orient-connection.com\/wp-content\/uploads\/Frankfurter-Hof.jpg\" alt=\"\">\n\t\t\t\t\t\t\t\t\t<!-- image-box-thumbnail -->\n\t\t\t\t\t\t\t\t\t<h6>FRANKFURT<\/h6>\n\t\t\t\t\t\t\t\t\t<h4>Frankfurter Hof<\/h4>\n\t\t\t\t\t\t\t\t\t<a href=\"\/de\/unsere-partner\/frankfurter-hof\/\">mehr erfahren<\/a>\n                <!-- image-box -->\t\t\t\t\t\t\t\t\n\t\t\t\t\t\t\t\t\t\t<img src=\"https:\/\/www.occident-orient-connection.com\/wp-content\/uploads\/Four-Seasons-Hotel.jpg\" alt=\"\">\n\t\t\t\t\t\t\t\t\t<!-- image-box-thumbnail -->\n\t\t\t\t\t\t\t\t\t<h6>LIMASSOL<\/h6>\n\t\t\t\t\t\t\t\t\t<h4>Four Seasons Hotel<\/h4>\n\t\t\t\t\t\t\t\t\t<a href=\"\/de\/unsere-partner\/four-seasons-hotel\/\">mehr erfahren<\/a>\n                <!-- image-box -->\t\t\t\t\t\t\t\t\n\t\t\t\t\t\t\t\t\t\t<img src=\"https:\/\/www.occident-orient-connection.com\/wp-content\/uploads\/Hotel-Stadt-Hamburg.jpg\" alt=\"\">\n\t\t\t\t\t\t\t\t\t<!-- image-box-thumbnail -->\n\t\t\t\t\t\t\t\t\t<h6>SYLT<\/h6>\n\t\t\t\t\t\t\t\t\t<h4>Hotel Stadt Hamburg<\/h4>\n\t\t\t\t\t\t\t\t\t<a href=\"\/de\/unsere-partner\/hotel-stadt-hamburg\/\">mehr erfahren<\/a>\n                <!-- image-box -->\t\t\t\t\t\t\t\t\n\t\t\t\t\t\t\t\t\t\t<img src=\"https:\/\/www.occident-orient-connection.com\/wp-content\/uploads\/S\u00fcllberg-Karlheinz-Hauser.jpg\" alt=\"\">\n\t\t\t\t\t\t\t\t\t<!-- image-box-thumbnail -->\n\t\t\t\t\t\t\t\t\t<h6>HAMBURG<\/h6>\n\t\t\t\t\t\t\t\t\t<h4>S\u00fcllberg Karlheinz Hauser<\/h4>\n\t\t\t\t\t\t\t\t\t<a href=\"\/de\/unsere-partner\/suellberg-karlheinz-hauser\/\">mehr erfahren<\/a>\n                <!-- image-box -->\t\t\t\t\t\t\t\t\n\t\t\t\t\t\t\t\t\t\t<img src=\"https:\/\/www.occident-orient-connection.com\/wp-content\/uploads\/Legado-M\u00edtico.jpg\" alt=\"\">\n\t\t\t\t\t\t\t\t\t<!-- image-box-thumbnail -->\n\t\t\t\t\t\t\t\t\t<h6>BUENOS AIRES<\/h6>\n\t\t\t\t\t\t\t\t\t<h4>Legado M\u00edtico<\/h4>\n\t\t\t\t\t\t\t\t\t<a href=\"\/de\/unsere-partner\/legado-mitico-buenos-aires\/\">mehr erfahren<\/a>\n                <!-- image-box -->\t\t\t\t\t\t\t\t\n\t\t\t\t\t\t\t\t\t\t<img src=\"https:\/\/www.occident-orient-connection.com\/wp-content\/uploads\/Legado-M\u00edtico.jpg\" alt=\"\">\n\t\t\t\t\t\t\t\t\t<!-- image-box-thumbnail -->\n\t\t\t\t\t\t\t\t\t<h6>SALTA<\/h6>\n\t\t\t\t\t\t\t\t\t<h4>Legado M\u00edtico Salta<\/h4>\n\t\t\t\t\t\t\t\t\t<a href=\"\/de\/unsere-partner\/legado-mitico-salta\/\">mehr erfahren<\/a>\n                <!-- image-box -->\t\t\t\t\t\t\t\t\n\t\t\t\t\t\t\t\t\t\t<img src=\"https:\/\/www.occident-orient-connection.com\/wp-content\/uploads\/Legado-M\u00edtico-Salta.jpg\" alt=\"\">\n\t\t\t\t\t\t\t\t\t<!-- image-box-thumbnail -->\n\t\t\t\t\t\t\t\t\t<h6>PARIS<\/h6>\n\t\t\t\t\t\t\t\t\t<h4>Hotel Cambon<\/h4>\n\t\t\t\t\t\t\t\t\t<a href=\"\/de\/unsere-partner\/hotel-cambon\/\">mehr erfahren<\/a>\n                <!-- image-box -->\t\t\t\t\t\t\t\t\n\t\t\t\t\t\t\t\t\t\t<img src=\"https:\/\/www.occident-orient-connection.com\/wp-content\/uploads\/Hotel-Yllen.png\" alt=\"\">\n\t\t\t\t\t\t\t\t\t<!-- image-box-thumbnail -->\n\t\t\t\t\t\t\t\t\t<h6>PARIS<\/h6>\n\t\t\t\t\t\t\t\t\t<h4>Hotel Yllen<\/h4>\n\t\t\t\t\t\t\t\t\t<a href=\"\/de\/unsere-partner\/hotel-yllen\/\">mehr erfahren<\/a>\n                <!-- image-box -->\t\t\t\t\t\t\t\t\n\t\t\t\t\t\t\t\t\t\t<img src=\"https:\/\/www.occident-orient-connection.com\/wp-content\/uploads\/Hotel-Skeppsholmen.png\" alt=\"\">\n\t\t\t\t\t\t\t\t\t<!-- image-box-thumbnail -->\n\t\t\t\t\t\t\t\t\t<h6>STOCKHOLM<\/h6>\n\t\t\t\t\t\t\t\t\t<h4>Hotel Skeppsholmen<\/h4>\n\t\t\t\t\t\t\t\t\t<a href=\"\/de\/unsere-partner\/hotel-skeppsholmen\/\">mehr erfahren<\/a>\n                <!-- image-box -->\t\t\t\t\t\t\t\t\n\t\t\t\t\t\t\t\t\t\t<img src=\"https:\/\/www.occident-orient-connection.com\/wp-content\/uploads\/Hellenic-Zeus.jpg\" alt=\"\">\n\t\t\t\t\t\t\t\t\t<!-- image-box-thumbnail -->\n\t\t\t\t\t\t\t\t\t<h6>HERAKLION<\/h6>\n\t\t\t\t\t\t\t\t\t<h4>Hellenic Zeus<\/h4>\n\t\t\t\t\t\t\t\t\t<a href=\"\/de\/unsere-partner\/hellenic-zeus\/\">mehr erfahren<\/a>\n                <!-- image-box -->\t\t\t\t\t\t\t\t\n\t\t\t\t\t\t\t\t\t\t<img src=\"https:\/\/www.occident-orient-connection.com\/wp-content\/uploads\/Salamis-Tours.jpg\" alt=\"\">\n\t\t\t\t\t\t\t\t\t<!-- image-box-thumbnail -->\n\t\t\t\t\t\t\t\t\t<h6>LIMASSOL<\/h6>\n\t\t\t\t\t\t\t\t\t<h4>Salamis Tours<\/h4>\n\t\t\t\t\t\t\t\t\t<a href=\"\/de\/unsere-partner\/salamis-tours\/\">mehr erfahren<\/a>\n                <!-- image-box -->","protected":false},"excerpt":{"rendered":"<p>Unsere Partner Die vorgestellten Partner Hotels geben Ihnen einen Einblick in unsere pers\u00f6nliche Auswahl. Wir empfehlen Ihnen damit einige der au\u00dfergew\u00f6hnlichsten privat gef\u00fchrten Hotels an Orten und in St\u00e4dten, zu denen wir oft reisen: authentischer Service als Spiegelbild von zeitloser Eleganz und Luxus an traumhaften Orten, die Ihre Sinne inspirieren. ZAGREB Esplanade Zagreb Hotel mehr <a href=\"https:\/\/www.occident-orient-connection.com\/de\/unsere-partner\/\" class=\"more-link\">&#8230;<\/a><\/p>\n","protected":false},"author":2,"featured_media":0,"parent":0,"menu_order":5,"comment_status":"closed","ping_status":"closed","template":"","meta":[],"_links":{"self":[{"href":"https:\/\/www.occident-orient-connection.com\/de\/wp-json\/wp\/v2\/pages\/1133"}],"collection":[{"href":"https:\/\/www.occident-orient-connection.com\/de\/wp-json\/wp\/v2\/pages"}],"about":[{"href":"https:\/\/www.occident-orient-connection.com\/de\/wp-json\/wp\/v2\/types\/page"}],"author":[{"embeddable":true,"href":"https:\/\/www.occident-orient-connection.com\/de\/wp-json\/wp\/v2\/users\/2"}],"replies":[{"embeddable":true,"href":"https:\/\/www.occident-orient-connection.com\/de\/wp-json\/wp\/v2\/comments?post=1133"}],"version-history":[{"count":8,"href":"https:\/\/www.occident-orient-connection.com\/de\/wp-json\/wp\/v2\/pages\/1133\/revisions"}],"predecessor-version":[{"id":1769,"href":"https:\/\/www.occident-orient-connection.com\/de\/wp-json\/wp\/v2\/pages\/1133\/revisions\/1769"}],"wp:attachment":[{"href":"https:\/\/www.occident-orient-connection.com\/de\/wp-json\/wp\/v2\/media?parent=1133"}],"curies":[{"name":"wp","href":"https:\/\/api.w.org\/{rel}","templated":true}]}}